{"id":1927,"date":"2026-02-27T10:48:44","date_gmt":"2026-02-27T10:48:44","guid":{"rendered":"https:\/\/az.dsvline.com\/?page_id=1927"},"modified":"2026-02-27T11:05:25","modified_gmt":"2026-02-27T11:05:25","slug":"ds-stretchmarks","status":"publish","type":"page","link":"https:\/\/az.dsvline.com\/ru\/talimler\/ds-stretchmarks\/","title":{"rendered":"\u0420\u0410\u0421\u0422\u042f\u0416\u041a\u0418 DS"},"content":{"rendered":"\t\t<div data-elementor-type=\"wp-page\" data-elementor-id=\"1927\" class=\"elementor elementor-1927\" data-elementor-post-type=\"page\">\n\t\t\t\t<div class=\"elementor-element elementor-element-677ec02a e-grid e-con-boxed e-con e-parent\" data-id=\"677ec02a\" data-element_type=\"container\" data-e-type=\"container\" data-settings=\"{&quot;background_background&quot;:&quot;classic&quot;}\">\n\t\t\t\t\t<div class=\"e-con-inner\">\n\t\t\t\t<div class=\"elementor-element elementor-element-7983f034 elementor-widget elementor-widget-heading\" data-id=\"7983f034\" data-element_type=\"widget\" data-e-type=\"widget\" data-widget_type=\"heading.default\">\n\t\t\t\t\t<p class=\"elementor-heading-title elementor-size-default\">DS V-LINE G\u00d6Z\u018fLL\u0130K S\u0130RR\u0130<\/p>\t\t\t\t<\/div>\n\t\t\t\t<div class=\"elementor-element elementor-element-40fe19ba elementor-widget elementor-widget-heading\" data-id=\"40fe19ba\" data-element_type=\"widget\" data-e-type=\"widget\" data-widget_type=\"heading.default\">\n\t\t\t\t\t<h2 class=\"elementor-heading-title elementor-size-default\">DS STRETCHMARKS TEXN\u0130KASI<\/h2>\t\t\t\t<\/div>\n\t\t\t\t<div class=\"elementor-element elementor-element-5d8f9d8e elementor-widget elementor-widget-heading\" data-id=\"5d8f9d8e\" data-element_type=\"widget\" data-e-type=\"widget\" data-widget_type=\"heading.default\">\n\t\t\t\t\t<p class=\"elementor-heading-title elementor-size-default\">\u00f6l\u00fc toxuman\u0131n \u00e7\u0131xar\u0131lmas\u0131<\/p>\t\t\t\t<\/div>\n\t\t\t\t\t<\/div>\n\t\t\t\t<\/div>\n\t\t<div class=\"elementor-element elementor-element-12edac7 e-grid e-con-boxed e-con e-parent\" data-id=\"12edac7\" data-element_type=\"container\" data-e-type=\"container\">\n\t\t\t\t\t<div class=\"e-con-inner\">\n\t\t\t\t<div class=\"elementor-element elementor-element-13d971cd elementor-pagination-type-bullets elementor-arrows-position-inside elementor-pagination-position-outside elementor-widget elementor-widget-n-carousel\" data-id=\"13d971cd\" data-element_type=\"widget\" data-e-type=\"widget\" data-settings=\"{&quot;carousel_items&quot;:[{&quot;slide_title&quot;:&quot;video&quot;,&quot;_id&quot;:&quot;e4f73fd&quot;}],&quot;slides_to_show&quot;:&quot;1&quot;,&quot;slides_to_scroll&quot;:&quot;1&quot;,&quot;slides_to_show_tablet&quot;:&quot;2&quot;,&quot;slides_to_show_mobile&quot;:&quot;1&quot;,&quot;autoplay&quot;:&quot;yes&quot;,&quot;autoplay_speed&quot;:5000,&quot;pause_on_hover&quot;:&quot;yes&quot;,&quot;pause_on_interaction&quot;:&quot;yes&quot;,&quot;infinite&quot;:&quot;yes&quot;,&quot;speed&quot;:500,&quot;offset_sides&quot;:&quot;none&quot;,&quot;arrows&quot;:&quot;yes&quot;,&quot;pagination&quot;:&quot;bullets&quot;,&quot;image_spacing_custom&quot;:{&quot;unit&quot;:&quot;px&quot;,&quot;size&quot;:10,&quot;sizes&quot;:[]},&quot;image_spacing_custom_tablet&quot;:{&quot;unit&quot;:&quot;px&quot;,&quot;size&quot;:&quot;&quot;,&quot;sizes&quot;:[]},&quot;image_spacing_custom_mobile&quot;:{&quot;unit&quot;:&quot;px&quot;,&quot;size&quot;:&quot;&quot;,&quot;sizes&quot;:[]}}\" data-widget_type=\"nested-carousel.default\">\n\t\t\t\t\t\t\t<div class=\"e-n-carousel swiper\" role=\"region\" aria-roledescription=\"carousel\" aria-label=\"Carousel\" dir=\"ltr\">\n\t\t\t<div class=\"swiper-wrapper\" aria-live=\"off\">\n\t\t\t\t\t\t\t\t\t\t<div class=\"swiper-slide\" data-slide=\"1\" role=\"group\" aria-roledescription=\"slide\" aria-label=\"1-d\u0259n 1\">\n\t\t\t\t\t\t\t<div class=\"elementor-element elementor-element-4358a9b7 e-flex e-con-boxed e-con e-child\" data-id=\"4358a9b7\" data-element_type=\"container\" data-e-type=\"container\">\n\t\t\t\t\t<div class=\"e-con-inner\">\n\t\t<div class=\"elementor-element elementor-element-41a18d1c e-con-full e-flex e-con e-child\" data-id=\"41a18d1c\" data-element_type=\"container\" data-e-type=\"container\">\n\t\t\t\t<div class=\"elementor-element elementor-element-2b8663c6 elementor-widget elementor-widget-video\" data-id=\"2b8663c6\" data-element_type=\"widget\" data-e-type=\"widget\" data-settings=\"{&quot;video_type&quot;:&quot;hosted&quot;,&quot;autoplay&quot;:&quot;yes&quot;,&quot;play_on_mobile&quot;:&quot;yes&quot;,&quot;mute&quot;:&quot;yes&quot;,&quot;loop&quot;:&quot;yes&quot;}\" data-widget_type=\"video.default\">\n\t\t\t\t\t\t\t<div class=\"e-hosted-video elementor-wrapper elementor-open-inline\">\n\t\t\t\t\t<video class=\"elementor-video\" src=\"https:\/\/az.dsvline.com\/wp-content\/uploads\/2026\/02\/Stretch-marks-story.mp4\" autoplay=\"\" loop=\"\" muted=\"muted\" playsinline=\"\" controlsList=\"nodownload\"><\/video>\n\t\t\t\t<\/div>\n\t\t\t\t\t\t<\/div>\n\t\t\t\t<\/div>\n\t\t\t\t\t<\/div>\n\t\t\t\t<\/div>\n\t\t\t\t\t\t\t\t<\/div>\n\t\t\t\t\t\t\t\t<\/div>\n\t\t<\/div>\n\t\t\t\t\t\t<\/div>\n\t\t<div class=\"elementor-element elementor-element-50b5db8f e-grid e-con-full e-con e-child\" data-id=\"50b5db8f\" data-element_type=\"container\" data-e-type=\"container\">\n\t\t\t\t<div class=\"elementor-element elementor-element-386ba6ab elementor-widget elementor-widget-text-editor\" data-id=\"386ba6ab\" data-element_type=\"widget\" data-e-type=\"widget\" data-widget_type=\"text-editor.default\">\n\t\t\t\t\t\t\t\t\t<div class=\"elementor-element elementor-element-24dd370 elementor-widget elementor-widget-heading\" data-id=\"24dd370\" data-element_type=\"widget\" data-widget_type=\"heading.default\"><div class=\"elementor-widget-container\"><div class=\"elementor-element elementor-element-151bb00 elementor-widget elementor-widget-heading\" data-id=\"151bb00\" data-element_type=\"widget\" data-widget_type=\"heading.default\"><div class=\"elementor-widget-container\"><p class=\"elementor-heading-title elementor-size-default\">DS STRETCHMARKS T\u018fL\u0130M\u0130 N\u018fD\u0130R<br \/><br \/><\/p><\/div><\/div><div class=\"elementor-element elementor-element-c5f70a4 elementor-widget elementor-widget-heading\" data-id=\"c5f70a4\" data-element_type=\"widget\" data-widget_type=\"heading.default\"><div class=\"elementor-widget-container\"><h2 class=\"elementor-heading-title elementor-size-default\">DS STRETCHMARKS<\/h2><\/div><\/div><div class=\"elementor-element elementor-element-d74d900 elementor-widget__width-initial elementor-widget-mobile__width-initial elementor-widget elementor-widget-text-editor\" data-id=\"d74d900\" data-element_type=\"widget\" data-widget_type=\"text-editor.default\"><div class=\"elementor-widget-container\"><p>DS-V LINE STRETCHMARKS T\u018fL\u0130M\u0130, z\u0259d\u0259l\u0259nmi\u015f nahiy\u0259l\u0259rd\u0259 \u00f6l\u00fc toxumalar\u0131n n\u0259zar\u0259tli \u015f\u0259kild\u0259 \u00e7\u0131xar\u0131lmas\u0131n\u0131 t\u0259min etm\u0259k \u00fc\u00e7\u00fcn haz\u0131rlanm\u0131\u015f bir m\u00fcalic\u0259 prosesidir. Bu t\u0259lim d\u0259rinin b\u0259rpas\u0131 prosesind\u0259 \u00e7ap\u0131qlar\u0131n \u0259m\u0259l\u0259 g\u0259lm\u0259sini \u0259hat\u0259 edir v\u0259 tez bir zamanda sa\u011falma prosesini d\u0259st\u0259kl\u0259yir.<\/p><p>Bu m\u00fcalic\u0259 protokolu d\u0259rinin ehtiyac duydu\u011fu mikro kanallar\u0131 a\u00e7\u0131r, b\u0259rpaedici, b\u0259rpaedici v\u0259 n\u0259ml\u0259ndirici serumlar\u0131n v\u0259 vitaminl\u0259rin d\u0259riy\u0259 daha d\u0259rin s\u0259viyy\u0259l\u0259rd\u0259 \u00e7atmas\u0131na imkan verir. Bu proses d\u0259rini qidaland\u0131rma\u011fa k\u00f6m\u0259k edir v\u0259 onun canlanmas\u0131na b\u00f6y\u00fck k\u00f6m\u0259k edir.<\/p><p><strong>D\u0259st\u0259 daxildir:<\/strong><\/p><p>B\u0259d\u0259n \u00fc\u00e7\u00fcn kollagen saplar\u0131 \u2013 10 t\u0259tbiq \u00fc\u00e7\u00fcn 1 paket<br \/>1 K\u00f6k H\u00fcceyr\u0259 Serumu<br \/>DS10 Meso Shine Pack 10 \u2013 flakon (30 t\u0259tbiq)<br \/>DS11 Meso Shine Pack 10 \u2013 flakon (30 t\u0259tbiq)<br \/>B\u0259d\u0259n \u00fc\u00e7\u00fcn 3x Ozon Serumu<br \/>3x SucraEx<br \/><strong>1300 avro + \u018fDV<\/strong><br \/><strong>Bonus: Kollagen B\u0259d\u0259n Bax\u0131m\u0131, o c\u00fcml\u0259d\u0259n m\u0259\u015fq<\/strong><\/p><\/div><\/div><\/div><\/div>\t\t\t\t\t\t\t\t<\/div>\n\t\t\t\t<div class=\"elementor-element elementor-element-711095d4 elementor-align-center elementor-widget elementor-widget-button\" data-id=\"711095d4\" data-element_type=\"widget\" data-e-type=\"widget\" data-widget_type=\"button.default\">\n\t\t\t\t\t\t\t\t\t\t<a class=\"elementor-button elementor-button-link elementor-size-sm\" href=\"#\">\n\t\t\t\t\t\t<span class=\"elementor-button-content-wrapper\">\n\t\t\t\t\t\t\t\t\t<span class=\"elementor-button-text\">\u018fTRAFLI M\u018fLUMAT ALIN<\/span>\n\t\t\t\t\t<\/span>\n\t\t\t\t\t<\/a>\n\t\t\t\t\t\t\t\t<\/div>\n\t\t\t\t<\/div>\n\t\t\t\t\t<\/div>\n\t\t\t\t<\/div>\n\t\t<div class=\"elementor-element elementor-element-1ec96d61 e-grid e-con-boxed e-con e-parent\" data-id=\"1ec96d61\" data-element_type=\"container\" data-e-type=\"container\" data-settings=\"{&quot;background_background&quot;:&quot;classic&quot;}\">\n\t\t\t\t\t<div class=\"e-con-inner\">\n\t\t\t\t<div class=\"elementor-element elementor-element-302976ee elementor-widget elementor-widget-text-editor\" data-id=\"302976ee\" data-element_type=\"widget\" data-e-type=\"widget\" data-widget_type=\"text-editor.default\">\n\t\t\t\t\t\t\t\t\t<div class=\"elementor-element elementor-element-624485f elementor-widget elementor-widget-heading\" data-id=\"624485f\" data-element_type=\"widget\" data-widget_type=\"heading.default\"><div class=\"elementor-widget-container\"><div class=\"elementor-element elementor-element-bf205a3 elementor-widget elementor-widget-heading\" data-id=\"bf205a3\" data-element_type=\"widget\" data-widget_type=\"heading.default\"><div class=\"elementor-widget-container\"><p class=\"elementor-heading-title elementor-size-default\">\u00c7AT TEXN\u0130KASI<br \/><br \/><\/p><\/div><\/div><div class=\"elementor-element elementor-element-5d77a6a elementor-widget elementor-widget-heading\" data-id=\"5d77a6a\" data-element_type=\"widget\" data-widget_type=\"heading.default\"><div class=\"elementor-widget-container\"><h2 class=\"elementor-heading-title elementor-size-default\">DS STRETCHMARKS T\u018fTB\u0130Q\u0130<\/h2><\/div><\/div><div class=\"elementor-element elementor-element-aec8009 elementor-widget__width-initial elementor-widget elementor-widget-text-editor\" data-id=\"aec8009\" data-element_type=\"widget\" data-widget_type=\"text-editor.default\"><div class=\"elementor-widget-container\"><p>DS-V LINE STRECHMARKS \u00e7atlaq t\u0259limi, d\u0259rinin z\u0259d\u0259l\u0259nmi\u015f sah\u0259l\u0259rinin n\u0259zar\u0259tli \u015f\u0259kild\u0259 b\u0259rpas\u0131n\u0131 asanla\u015fd\u0131rmaq \u00fc\u00e7\u00fcn haz\u0131rlanm\u0131\u015f bir texnikad\u0131r. Bu misilsiz texnika, DS V-LINE-\u0131n x\u00fcsusi y\u00fcks\u0259k aktivlikli m\u0259hsullar\u0131 il\u0259 birlikd\u0259, DS V-LINE \u00e7\u0259tiri alt\u0131nda t\u0259xmin\u0259n 30 n\u0259f\u0259rin i\u015ftirak etdiyi klinik t\u0259dqiqatlardan ke\u00e7ib.<\/p><p>Bu m\u00fcalic\u0259, DS V-LINE FUSION il\u0259 m\u0259zmunun birba\u015fa d\u0259rinin d\u0259rialt\u0131 t\u0259b\u0259q\u0259sin\u0259 \u00e7atd\u0131r\u0131lmas\u0131na imkan verir v\u0259 bu da d\u0259rinin cavanla\u015fd\u0131r\u0131c\u0131, b\u0259rpaedici sistem v\u0259 t\u0259l\u0259b olunan m\u0259zmunla daha d\u0259rin s\u0259viyy\u0259l\u0259r\u0259 \u00e7atmas\u0131na imkan verir. Bu proses d\u0259rinin b\u0259rpas\u0131na v\u0259 b\u0259rpas\u0131na \u00e7ox k\u00f6m\u0259k edir.<\/p><\/div><\/div><\/div><\/div>\t\t\t\t\t\t\t\t<\/div>\n\t\t\t\t<div class=\"elementor-element elementor-element-68dfd39 elementor-widget elementor-widget-image\" data-id=\"68dfd39\" data-element_type=\"widget\" data-e-type=\"widget\" data-widget_type=\"image.default\">\n\t\t\t\t\t\t\t\t\t\t\t\t\t\t\t<img fetchpriority=\"high\" decoding=\"async\" width=\"500\" height=\"243\" src=\"https:\/\/az.dsvline.com\/wp-content\/uploads\/2026\/02\/reslt2.jpg\" class=\"attachment-large size-large wp-image-1929\" alt=\"\" srcset=\"https:\/\/az.dsvline.com\/wp-content\/uploads\/2026\/02\/reslt2.jpg 500w, https:\/\/az.dsvline.com\/wp-content\/uploads\/2026\/02\/reslt2-300x146.jpg 300w\" sizes=\"(max-width: 500px) 100vw, 500px\" \/>\t\t\t\t\t\t\t\t\t\t\t\t\t\t\t<\/div>\n\t\t\t\t\t<\/div>\n\t\t\t\t<\/div>\n\t\t<div class=\"elementor-element elementor-element-de3cd21 e-flex e-con-boxed e-con e-parent\" data-id=\"de3cd21\" data-element_type=\"container\" data-e-type=\"container\" data-settings=\"{&quot;background_background&quot;:&quot;classic&quot;}\">\n\t\t\t\t\t<div class=\"e-con-inner\">\n\t\t<div class=\"elementor-element elementor-element-704f049e e-con-full e-flex e-con e-child\" data-id=\"704f049e\" data-element_type=\"container\" data-e-type=\"container\">\n\t\t\t\t<div class=\"elementor-element elementor-element-15063270 elementor-widget elementor-widget-text-editor\" data-id=\"15063270\" data-element_type=\"widget\" data-e-type=\"widget\" data-widget_type=\"text-editor.default\">\n\t\t\t\t\t\t\t\t\t<h2 class=\"elementor-heading-title elementor-size-default\" style=\"text-align: center;\"><span style=\"color: #ffffff;\">T\u018fHL\u00dcK\u018fS\u0130Z V\u018f T\u018fHL\u00dcK\u018fS\u0130ZD\u0130R M\u0130?<\/span><\/h2><p style=\"text-align: center;\">Dart\u0131lma izl\u0259rinin effektiv m\u00fcalic\u0259si \u00fc\u00e7\u00fcn innovativ h\u0259llimiz olan DS STRETCHMARKS-\u0131 k\u0259\u015ff edin. X\u00fcsusi haz\u0131rlanm\u0131\u015f texnikam\u0131zla d\u0259rinin t\u0259sirl\u0259nmi\u015f b\u00f6lg\u0259l\u0259rini h\u0259d\u0259f alaraq d\u0259ri toxumas\u0131n\u0131 yax\u015f\u0131la\u015fd\u0131r\u0131r\u0131q v\u0259 dart\u0131lma izl\u0259rinin g\u00f6r\u00fcn\u00fc\u015f\u00fcn\u00fc n\u0259z\u0259r\u0259\u00e7arpacaq d\u0259r\u0259c\u0259d\u0259 azald\u0131r\u0131q. DS Stretchmarks, d\u0259riniz\u0259 hamar v\u0259 b\u0259rab\u0259r bir g\u00f6r\u00fcn\u00fc\u015f verm\u0259k \u00fc\u00e7\u00fcn g\u00fccl\u00fc m\u0259hsullar\u0131 \u0259n m\u00fcasir m\u00fcalic\u0259 \u00fcsullar\u0131 il\u0259 birl\u0259\u015fdirir. T\u0259cr\u00fcb\u0259miz\u0259 etibar edin v\u0259 h\u0259qiq\u0259t\u0259n g\u00f6r\u0259 bil\u0259c\u0259yiniz bir transformasiyan\u0131 ya\u015fay\u0131n! DS STRETCHMARKS texnikas\u0131 il\u0259 g\u00f6z\u0259llik v\u0259 rifah\u0131n unikal qar\u0131\u015f\u0131\u011f\u0131n\u0131 ya\u015fay\u0131n.<br \/><br \/><\/p>\t\t\t\t\t\t\t\t<\/div>\n\t\t\t\t<\/div>\n\t\t\t\t\t<\/div>\n\t\t\t\t<\/div>\n\t\t<div class=\"elementor-element elementor-element-2c6fc7a e-grid e-con-boxed e-con e-parent\" data-id=\"2c6fc7a\" data-element_type=\"container\" data-e-type=\"container\">\n\t\t\t\t\t<div class=\"e-con-inner\">\n\t\t\t\t<div class=\"elementor-element elementor-element-a0c3478 elementor-widget elementor-widget-text-editor\" data-id=\"a0c3478\" data-element_type=\"widget\" data-e-type=\"widget\" data-widget_type=\"text-editor.default\">\n\t\t\t\t\t\t\t\t\t<div class=\"elementor-element elementor-element-8fae1c1 e-flex e-con-boxed wpr-particle-no wpr-jarallax-no wpr-parallax-no wpr-sticky-section-no e-con e-parent e-lazyloaded\" data-id=\"8fae1c1\" data-element_type=\"container\"><div class=\"e-con-inner\"><div class=\"elementor-element elementor-element-65e2e3e elementor-widget elementor-widget-heading\" data-id=\"65e2e3e\" data-element_type=\"widget\" data-widget_type=\"heading.default\"><div class=\"elementor-widget-container\"><p class=\"elementor-heading-title elementor-size-default\">Dart\u0131lma izl\u0259rinin t\u0259kmill\u0259\u015fdirilm\u0259si<\/p><\/div><\/div><div class=\"elementor-element elementor-element-2dc2b58 elementor-widget elementor-widget-heading\" data-id=\"2dc2b58\" data-element_type=\"widget\" data-widget_type=\"heading.default\"><div class=\"elementor-widget-container\"><h2 class=\"elementor-heading-title elementor-size-default\">N\u0259tic\u0259l\u0259r<\/h2><\/div><\/div><div class=\"elementor-element elementor-element-d9ff592 elementor-widget__width-initial elementor-widget-mobile__width-initial elementor-widget elementor-widget-text-editor\" data-id=\"d9ff592\" data-element_type=\"widget\" data-widget_type=\"text-editor.default\"><div class=\"elementor-widget-container\">M\u00fcsb\u0259t n\u0259tic\u0259l\u0259r t\u0259tbiqd\u0259n q\u0131sa m\u00fcdd\u0259t sonra g\u00f6r\u00fcn\u0259 bil\u0259r. Bir \u00e7ox istifad\u0259\u00e7i m\u00fcalic\u0259 olunan \u0259razid\u0259 d\u0259rin \u00e7uxurlarda yax\u015f\u0131la\u015fman\u0131 dem\u0259k olar ki, d\u0259rhal hiss edir. Yekun n\u0259tic\u0259l\u0259r ad\u0259t\u0259n bir ne\u00e7\u0259 g\u00fcn \u0259rzind\u0259 m\u00fc\u015fahid\u0259 edil\u0259 bil\u0259r. F\u0259rdi n\u0259tic\u0259l\u0259r f\u0259rqli ola bil\u0259r.<\/div><\/div><\/div><\/div>\t\t\t\t\t\t\t\t<\/div>\n\t\t<div class=\"elementor-element elementor-element-3c9014a e-grid e-con-full e-con e-child\" data-id=\"3c9014a\" data-element_type=\"container\" data-e-type=\"container\">\n\t\t\t\t<div class=\"elementor-element elementor-element-ce74ee7 elementor-widget elementor-widget-image\" data-id=\"ce74ee7\" data-element_type=\"widget\" data-e-type=\"widget\" data-widget_type=\"image.default\">\n\t\t\t\t\t\t\t\t\t\t\t\t\t\t\t<img decoding=\"async\" width=\"800\" height=\"800\" src=\"https:\/\/az.dsvline.com\/wp-content\/uploads\/2026\/02\/WhatsApp_Image_2025-07-02_at_11.55.28.webp\" class=\"attachment-large size-large wp-image-1770\" alt=\"\" srcset=\"https:\/\/az.dsvline.com\/wp-content\/uploads\/2026\/02\/WhatsApp_Image_2025-07-02_at_11.55.28.webp 800w, https:\/\/az.dsvline.com\/wp-content\/uploads\/2026\/02\/WhatsApp_Image_2025-07-02_at_11.55.28-300x300.webp 300w, https:\/\/az.dsvline.com\/wp-content\/uploads\/2026\/02\/WhatsApp_Image_2025-07-02_at_11.55.28-150x150.webp 150w, https:\/\/az.dsvline.com\/wp-content\/uploads\/2026\/02\/WhatsApp_Image_2025-07-02_at_11.55.28-768x768.webp 768w, https:\/\/az.dsvline.com\/wp-content\/uploads\/2026\/02\/WhatsApp_Image_2025-07-02_at_11.55.28-600x600.webp 600w, https:\/\/az.dsvline.com\/wp-content\/uploads\/2026\/02\/WhatsApp_Image_2025-07-02_at_11.55.28-100x100.webp 100w\" sizes=\"(max-width: 800px) 100vw, 800px\" \/>\t\t\t\t\t\t\t\t\t\t\t\t\t\t\t<\/div>\n\t\t\t\t<div class=\"elementor-element elementor-element-93c4603 elementor-widget elementor-widget-image\" data-id=\"93c4603\" data-element_type=\"widget\" data-e-type=\"widget\" data-widget_type=\"image.default\">\n\t\t\t\t\t\t\t\t\t\t\t\t\t\t\t<img decoding=\"async\" width=\"800\" height=\"800\" src=\"https:\/\/az.dsvline.com\/wp-content\/uploads\/2026\/02\/WhatsApp_Image_2025-07-02_at_11.55.29_1.webp\" class=\"attachment-large size-large wp-image-1769\" alt=\"\" srcset=\"https:\/\/az.dsvline.com\/wp-content\/uploads\/2026\/02\/WhatsApp_Image_2025-07-02_at_11.55.29_1.webp 800w, https:\/\/az.dsvline.com\/wp-content\/uploads\/2026\/02\/WhatsApp_Image_2025-07-02_at_11.55.29_1-300x300.webp 300w, https:\/\/az.dsvline.com\/wp-content\/uploads\/2026\/02\/WhatsApp_Image_2025-07-02_at_11.55.29_1-150x150.webp 150w, https:\/\/az.dsvline.com\/wp-content\/uploads\/2026\/02\/WhatsApp_Image_2025-07-02_at_11.55.29_1-768x768.webp 768w, https:\/\/az.dsvline.com\/wp-content\/uploads\/2026\/02\/WhatsApp_Image_2025-07-02_at_11.55.29_1-600x600.webp 600w, https:\/\/az.dsvline.com\/wp-content\/uploads\/2026\/02\/WhatsApp_Image_2025-07-02_at_11.55.29_1-100x100.webp 100w\" sizes=\"(max-width: 800px) 100vw, 800px\" \/>\t\t\t\t\t\t\t\t\t\t\t\t\t\t\t<\/div>\n\t\t\t\t<\/div>\n\t\t\t\t\t<\/div>\n\t\t\t\t<\/div>\n\t\t<div class=\"elementor-element elementor-element-1164385e e-grid e-con-boxed e-con e-parent\" data-id=\"1164385e\" data-element_type=\"container\" data-e-type=\"container\">\n\t\t\t\t\t<div class=\"e-con-inner\">\n\t\t\t\t<div class=\"elementor-element elementor-element-66171cb2 elementor-widget elementor-widget-heading\" data-id=\"66171cb2\" data-element_type=\"widget\" data-e-type=\"widget\" data-widget_type=\"heading.default\">\n\t\t\t\t\t<p class=\"elementor-heading-title elementor-size-default\">m\u00fc\u015ft\u0259ril\u0259riniz\u0259 kollagen iplik protokolunu t\u0259tbiq etm\u0259y\u0259 haz\u0131rs\u0131n\u0131z?<\/p>\t\t\t\t<\/div>\n\t\t\t\t<div class=\"elementor-element elementor-element-3989e91 elementor-widget elementor-widget-heading\" data-id=\"3989e91\" data-element_type=\"widget\" data-e-type=\"widget\" data-widget_type=\"heading.default\">\n\t\t\t\t\t<h2 class=\"elementor-heading-title elementor-size-default\">t\u0259liml\u0259r\u0259 qo\u015fulun<\/h2>\t\t\t\t<\/div>\n\t\t\t\t<div class=\"elementor-element elementor-element-271cec00 elementor-align-center elementor-widget elementor-widget-button\" data-id=\"271cec00\" data-element_type=\"widget\" data-e-type=\"widget\" data-widget_type=\"button.default\">\n\t\t\t\t\t\t\t\t\t\t<a class=\"elementor-button elementor-button-link elementor-size-sm\" href=\"#\">\n\t\t\t\t\t\t<span class=\"elementor-button-content-wrapper\">\n\t\t\t\t\t\t\t\t\t<span class=\"elementor-button-text\">T\u018fL\u0130M \u00dc\u00c7\u00dcN M\u00dcRAC\u0130\u018fT ED\u0130N<\/span>\n\t\t\t\t\t<\/span>\n\t\t\t\t\t<\/a>\n\t\t\t\t\t\t\t\t<\/div>\n\t\t\t\t\t<\/div>\n\t\t\t\t<\/div>\n\t\t\t\t<\/div>\n\t\t","protected":false},"excerpt":{"rendered":"<p>\u0421\u0435\u043a\u0440\u0435\u0442 \u043a\u0440\u0430\u0441\u043e\u0442\u044b DS V-LINE: \u0442\u0435\u0445\u043d\u0438\u043a\u0430 \u0443\u0434\u0430\u043b\u0435\u043d\u0438\u044f \u0440\u0430\u0441\u0442\u044f\u0436\u0435\u043a DS, \u0443\u0434\u0430\u043b\u0435\u043d\u0438\u0435 \u043e\u043c\u0435\u0440\u0442\u0432\u0435\u0432\u0448\u0438\u0445 \u0442\u043a\u0430\u043d\u0435\u0439 https:\/\/az.dsvline.com\/wp-content\/uploads\/2026\/02\/Stretch-marks-story.mp4 \u0427\u0442\u043e \u0442\u0430\u043a\u043e\u0435 \u043e\u0431\u0443\u0447\u0435\u043d\u0438\u0435 \u043f\u043e \u0443\u0434\u0430\u043b\u0435\u043d\u0438\u044e \u0440\u0430\u0441\u0442\u044f\u0436\u0435\u043a DS? \u041e\u0431\u0443\u0447\u0435\u043d\u0438\u0435 \u043f\u043e \u0443\u0434\u0430\u043b\u0435\u043d\u0438\u044e \u0440\u0430\u0441\u0442\u044f\u0436\u0435\u043a DS-V LINE \u2014 \u044d\u0442\u043e \u043b\u0435\u0447\u0435\u0431\u043d\u044b\u0439 \u043f\u0440\u043e\u0446\u0435\u0441\u0441, \u0440\u0430\u0437\u0440\u0430\u0431\u043e\u0442\u0430\u043d\u043d\u044b\u0439 \u0434\u043b\u044f \u043e\u0431\u0435\u0441\u043f\u0435\u0447\u0435\u043d\u0438\u044f \u043a\u043e\u043d\u0442\u0440\u043e\u043b\u0438\u0440\u0443\u0435\u043c\u043e\u0433\u043e \u0443\u0434\u0430\u043b\u0435\u043d\u0438\u044f \u043e\u043c\u0435\u0440\u0442\u0432\u0435\u0432\u0448\u0438\u0445 \u0442\u043a\u0430\u043d\u0435\u0439 \u0432 \u043f\u043e\u0432\u0440\u0435\u0436\u0434\u0435\u043d\u043d\u044b\u0445 \u043e\u0431\u043b\u0430\u0441\u0442\u044f\u0445. \u042d\u0442\u043e \u043e\u0431\u0443\u0447\u0435\u043d\u0438\u0435 \u043e\u0445\u0432\u0430\u0442\u044b\u0432\u0430\u0435\u0442 \u043f\u0440\u043e\u0446\u0435\u0441\u0441 \u043e\u0431\u0440\u0430\u0437\u043e\u0432\u0430\u043d\u0438\u044f \u0440\u0443\u0431\u0446\u043e\u0432 \u0432 \u043f\u0440\u043e\u0446\u0435\u0441\u0441\u0435 \u0440\u0435\u0433\u0435\u043d\u0435\u0440\u0430\u0446\u0438\u0438 \u043a\u043e\u0436\u0438 \u0438 \u0441\u043f\u043e\u0441\u043e\u0431\u0441\u0442\u0432\u0443\u0435\u0442 \u0431\u044b\u0441\u0442\u0440\u043e\u043c\u0443 \u0437\u0430\u0436\u0438\u0432\u043b\u0435\u043d\u0438\u044e. \u042d\u0442\u043e\u0442 \u043f\u0440\u043e\u0442\u043e\u043a\u043e\u043b \u043b\u0435\u0447\u0435\u043d\u0438\u044f\u2026<\/p>","protected":false},"author":1,"featured_media":0,"parent":1309,"menu_order":0,"comment_status":"closed","ping_status":"closed","template":"elementor_header_footer","meta":{"_bst_post_transparent":"","_bst_post_title":"","_bst_post_layout":"","_bst_post_sidebar_id":"","_bst_post_content_style":"","_bst_post_vertical_padding":"","_bst_post_feature":"","_bst_post_feature_position":"","_bst_post_header":false,"_bst_post_footer":false,"footnotes":""},"class_list":["post-1927","page","type-page","status-publish","hentry"],"jetpack_sharing_enabled":true,"_links":{"self":[{"href":"https:\/\/az.dsvline.com\/ru\/wp-json\/wp\/v2\/pages\/1927","targetHints":{"allow":["GET"]}}],"collection":[{"href":"https:\/\/az.dsvline.com\/ru\/wp-json\/wp\/v2\/pages"}],"about":[{"href":"https:\/\/az.dsvline.com\/ru\/wp-json\/wp\/v2\/types\/page"}],"author":[{"embeddable":true,"href":"https:\/\/az.dsvline.com\/ru\/wp-json\/wp\/v2\/users\/1"}],"replies":[{"embeddable":true,"href":"https:\/\/az.dsvline.com\/ru\/wp-json\/wp\/v2\/comments?post=1927"}],"version-history":[{"count":10,"href":"https:\/\/az.dsvline.com\/ru\/wp-json\/wp\/v2\/pages\/1927\/revisions"}],"predecessor-version":[{"id":1963,"href":"https:\/\/az.dsvline.com\/ru\/wp-json\/wp\/v2\/pages\/1927\/revisions\/1963"}],"up":[{"embeddable":true,"href":"https:\/\/az.dsvline.com\/ru\/wp-json\/wp\/v2\/pages\/1309"}],"wp:attachment":[{"href":"https:\/\/az.dsvline.com\/ru\/wp-json\/wp\/v2\/media?parent=1927"}],"curies":[{"name":"wp","href":"https:\/\/api.w.org\/{rel}","templated":true}]}}