{"id":716,"date":"2026-02-23T13:26:41","date_gmt":"2026-02-23T13:26:41","guid":{"rendered":"https:\/\/az.dsvline.com\/?page_id=716"},"modified":"2026-03-04T01:32:31","modified_gmt":"2026-03-03T21:32:31","slug":"akademiya","status":"publish","type":"page","link":"https:\/\/az.dsvline.com\/ru\/akademiya\/","title":{"rendered":"\u0411\u043b\u043e\u0433\u0438"},"content":{"rendered":"<div data-elementor-type=\"wp-page\" data-elementor-id=\"716\" class=\"elementor elementor-716\" data-elementor-post-type=\"page\">\n\t\t\t\t<div class=\"elementor-element elementor-element-a16775f e-flex e-con-boxed e-con e-parent\" data-id=\"a16775f\" data-element_type=\"container\" data-e-type=\"container\">\n\t\t\t\t\t<div class=\"e-con-inner\">\n\t\t\t\t<div class=\"elementor-element elementor-element-300a9f7 elementor-widget elementor-widget-hfe-basic-posts\" data-id=\"300a9f7\" data-element_type=\"widget\" data-e-type=\"widget\" data-widget_type=\"hfe-basic-posts.default\">\n\t\t\t\t<div class=\"elementor-widget-container\">\n\t\t\t\t\t\n<div class=\"hfe-posts-grid\">\n\t\t\t<article class=\"hfe-post-card\">\n\t\t\t\t\t\t\t<div class=\"hfe-post-image\">\n\t\t\t\t\t<a href=\"https:\/\/az.dsvline.com\/ru\/2026\/02\/26\/sizanaq-quruducu-sos-serum\/\" rel=\"bookmark\">\n\t\t\t\t\t\t<img loading=\"lazy\" decoding=\"async\" width=\"300\" height=\"169\" src=\"https:\/\/az.dsvline.com\/wp-content\/uploads\/2026\/02\/381678214a60_Akne-Giderici-Bakim-Urunleri-Nasil-Kulla-5e74-300x169.jpg\" class=\"attachment-medium size-medium wp-post-image\" alt=\"S\u0131zanaq Quruducu Serum: SOS Lokal S\u0131zanaq H\u0259lli \u0130nc\u0259l\u0259m\u0259si\" srcset=\"https:\/\/az.dsvline.com\/wp-content\/uploads\/2026\/02\/381678214a60_Akne-Giderici-Bakim-Urunleri-Nasil-Kulla-5e74-300x169.jpg 300w, https:\/\/az.dsvline.com\/wp-content\/uploads\/2026\/02\/381678214a60_Akne-Giderici-Bakim-Urunleri-Nasil-Kulla-5e74-1024x576.jpg 1024w, https:\/\/az.dsvline.com\/wp-content\/uploads\/2026\/02\/381678214a60_Akne-Giderici-Bakim-Urunleri-Nasil-Kulla-5e74-768x432.jpg 768w, https:\/\/az.dsvline.com\/wp-content\/uploads\/2026\/02\/381678214a60_Akne-Giderici-Bakim-Urunleri-Nasil-Kulla-5e74-1536x864.jpg 1536w, https:\/\/az.dsvline.com\/wp-content\/uploads\/2026\/02\/381678214a60_Akne-Giderici-Bakim-Urunleri-Nasil-Kulla-5e74-2048x1152.jpg 2048w, https:\/\/az.dsvline.com\/wp-content\/uploads\/2026\/02\/381678214a60_Akne-Giderici-Bakim-Urunleri-Nasil-Kulla-5e74-600x338.jpg 600w, https:\/\/az.dsvline.com\/wp-content\/uploads\/2026\/02\/381678214a60_Akne-Giderici-Bakim-Urunleri-Nasil-Kulla-5e74-scaled.jpg 1280w\" sizes=\"auto, (max-width: 300px) 100vw, 300px\" \/>\t\t\t\t\t<\/a>\n\t\t\t\t<\/div>\n\t\t\t\n\t\t\t<div class=\"hfe-post-content\">\n\t\t\t\t\t\t\t\t\t<h3 class=\"hfe-post-title\">\n\t\t\t\t\t\t<a href=\"https:\/\/az.dsvline.com\/ru\/2026\/02\/26\/sizanaq-quruducu-sos-serum\/\" rel=\"bookmark\">\n\t\t\t\t\t\t\t\u0421\u044b\u0432\u043e\u0440\u043e\u0442\u043a\u0430 \u0434\u043b\u044f \u043f\u043e\u0434\u0441\u0443\u0448\u0438\u0432\u0430\u043d\u0438\u044f \u043f\u0440\u044b\u0449\u0435\u0439: \u043e\u0431\u0437\u043e\u0440 \u0441\u0440\u0435\u0434\u0441\u0442\u0432\u0430 \u0434\u043b\u044f \u043c\u0435\u0441\u0442\u043d\u043e\u0433\u043e \u043f\u0440\u0438\u043c\u0435\u043d\u0435\u043d\u0438\u044f SOS \u043e\u0442 \u043f\u0440\u044b\u0449\u0435\u0439.\t\t\t\t\t\t<\/a>\n\t\t\t\t\t<\/h3>\n\t\t\t\t\n\t\t\t\t\t\t\t\t\t<div class=\"hfe-post-meta\">\n\t\t\t\t\t\t<span class=\"hfe-post-date\">26 \u0444\u0435\u0432\u0440\u0430\u043b\u044f, 2026<\/span>\t\t\t\t\t<\/div>\n\t\t\t\t\n\t\t\t\t\t\t\t\t\t<div class=\"hfe-post-excerpt\">\n\t\t\t\t\t\t\u041d\u0430\u0448\u0430 \u0441\u044b\u0432\u043e\u0440\u043e\u0442\u043a\u0430 SOS \u0441 \u043a\u0430\u043b\u0430\u043c\u0438\u043d\u043e\u043c, \u0441\u0435\u0440\u043e\u0439 \u0438 \u0441\u0430\u043b\u0438\u0446\u0438\u043b\u043e\u0432\u043e\u0439 \u043a\u0438\u0441\u043b\u043e\u0442\u043e\u0439 \u044d\u0444\u0444\u0435\u043a\u0442\u0438\u0432\u043d\u043e \u043f\u043e\u0434\u0441\u0443\u0448\u0438\u0432\u0430\u0435\u0442 \u0443\u0433\u0440\u0438 \u0437\u0430 \u043d\u043e\u0447\u044c. \u041d\u0430\u043d\u043e\u0441\u0438\u0442\u0441\u044f \u043c\u0435\u0441\u0442\u043d\u043e \u0438 \u0434\u0430\u0435\u0442 \u0431\u044b\u0441\u0442\u0440\u044b\u0439 \u0440\u0435\u0437\u0443\u043b\u044c\u0442\u0430\u0442.\t\t\t\t\t<\/div>\n\t\t\t\t\n\t\t\t\t\t\t\t\t\t<a href=\"https:\/\/az.dsvline.com\/ru\/2026\/02\/26\/sizanaq-quruducu-sos-serum\/\" class=\"hfe-read-more\" rel=\"bookmark\">\n\t\t\t\t\t\t\u0427\u0438\u0442\u0430\u0442\u044c \u0434\u0430\u043b\u0435\u0435 \u2192\t\t\t\t\t<\/a>\n\t\t\t\t\t\t\t<\/div>\n\t\t<\/article>\n\t\t\t\t<article class=\"hfe-post-card\">\n\t\t\t\t\t\t\t<div class=\"hfe-post-image\">\n\t\t\t\t\t<a href=\"https:\/\/az.dsvline.com\/ru\/2026\/02\/26\/mesame-ve-lekelere-qarsi-niasinamid-serumu\/\" rel=\"bookmark\">\n\t\t\t\t\t\t<img loading=\"lazy\" decoding=\"async\" width=\"300\" height=\"196\" src=\"https:\/\/az.dsvline.com\/wp-content\/uploads\/2026\/02\/img-1690408286-300x196.jpg\" class=\"attachment-medium size-medium wp-post-image\" alt=\"M\u0259sam\u0259 v\u0259 L\u0259k\u0259l\u0259r\u0259 Qar\u015f\u0131 15% Niasinamid Serumu\u0130nc\u0259l\u0259m\u0259si\" srcset=\"https:\/\/az.dsvline.com\/wp-content\/uploads\/2026\/02\/img-1690408286-300x196.jpg 300w, https:\/\/az.dsvline.com\/wp-content\/uploads\/2026\/02\/img-1690408286-768x502.jpg 768w, https:\/\/az.dsvline.com\/wp-content\/uploads\/2026\/02\/img-1690408286-600x392.jpg 600w, https:\/\/az.dsvline.com\/wp-content\/uploads\/2026\/02\/img-1690408286.jpg 980w\" sizes=\"auto, (max-width: 300px) 100vw, 300px\" \/>\t\t\t\t\t<\/a>\n\t\t\t\t<\/div>\n\t\t\t\n\t\t\t<div class=\"hfe-post-content\">\n\t\t\t\t\t\t\t\t\t<h3 class=\"hfe-post-title\">\n\t\t\t\t\t\t<a href=\"https:\/\/az.dsvline.com\/ru\/2026\/02\/26\/mesame-ve-lekelere-qarsi-niasinamid-serumu\/\" rel=\"bookmark\">\n\t\t\t\t\t\t\t\u041e\u0431\u0437\u043e\u0440 \u0441\u044b\u0432\u043e\u0440\u043e\u0442\u043a\u0438 \u0441 \u043d\u0438\u0430\u0446\u0438\u043d\u0430\u043c\u0438\u0434\u043e\u043c 15% \u043f\u0440\u043e\u0442\u0438\u0432 \u0440\u0430\u0441\u0448\u0438\u0440\u0435\u043d\u043d\u044b\u0445 \u043f\u043e\u0440 \u0438 \u043f\u044f\u0442\u0435\u043d\t\t\t\t\t\t<\/a>\n\t\t\t\t\t<\/h3>\n\t\t\t\t\n\t\t\t\t\t\t\t\t\t<div class=\"hfe-post-meta\">\n\t\t\t\t\t\t<span class=\"hfe-post-date\">26 \u0444\u0435\u0432\u0440\u0430\u043b\u044f, 2026<\/span>\t\t\t\t\t<\/div>\n\t\t\t\t\n\t\t\t\t\t\t\t\t\t<div class=\"hfe-post-excerpt\">\n\t\t\t\t\t\t\u041d\u0430\u0448 \u043e\u043f\u044b\u0442 \u0438\u0441\u043f\u043e\u043b\u044c\u0437\u043e\u0432\u0430\u043d\u0438\u044f \u0441\u044b\u0432\u043e\u0440\u043e\u0442\u043a\u0438, \u0441\u043e\u0434\u0435\u0440\u0436\u0430\u0449\u0435\u0439 15% \u043d\u0438\u0430\u0446\u0438\u043d\u0430\u043c\u0438\u0434 \u0438 5% \u0433\u043b\u0438\u043a\u043e\u043b\u0435\u0432\u0443\u044e \u043a\u0438\u0441\u043b\u043e\u0442\u0443, \u0434\u043b\u044f \u0436\u0438\u0440\u043d\u043e\u0439 \u043a\u043e\u0436\u0438, \u043a\u043e\u0436\u0438 \u0441 \u0430\u043a\u043d\u0435 \u0438 \u0440\u0430\u0441\u0448\u0438\u0440\u0435\u043d\u043d\u044b\u043c\u0438 \u043f\u043e\u0440\u0430\u043c\u0438. \u0418\u043d\u0441\u0442\u0440\u0443\u043a\u0446\u0438\u044f \u043f\u043e \u043f\u0440\u0438\u043c\u0435\u043d\u0435\u043d\u0438\u044e \u0438 \u0440\u0435\u0437\u0443\u043b\u044c\u0442\u0430\u0442\u044b.\t\t\t\t\t<\/div>\n\t\t\t\t\n\t\t\t\t\t\t\t\t\t<a href=\"https:\/\/az.dsvline.com\/ru\/2026\/02\/26\/mesame-ve-lekelere-qarsi-niasinamid-serumu\/\" class=\"hfe-read-more\" rel=\"bookmark\">\n\t\t\t\t\t\t\u0427\u0438\u0442\u0430\u0442\u044c \u0434\u0430\u043b\u0435\u0435 \u2192\t\t\t\t\t<\/a>\n\t\t\t\t\t\t\t<\/div>\n\t\t<\/article>\n\t\t\t\t<article class=\"hfe-post-card\">\n\t\t\t\t\t\t\t<div class=\"hfe-post-image\">\n\t\t\t\t\t<a href=\"https:\/\/az.dsvline.com\/ru\/2026\/02\/26\/kollagen-c-vitamini-serumu\/\" rel=\"bookmark\">\n\t\t\t\t\t\t<img loading=\"lazy\" decoding=\"async\" width=\"300\" height=\"179\" src=\"https:\/\/az.dsvline.com\/wp-content\/uploads\/2026\/02\/kirisiklik-tedavisi-1170x700-1-300x179.jpg\" class=\"attachment-medium size-medium wp-post-image\" alt=\"Q\u0131r\u0131\u015flara v\u0259 L\u0259k\u0259l\u0259r\u0259 Qar\u015f\u0131: Kollagen + C Vitamini Serumu\" srcset=\"https:\/\/az.dsvline.com\/wp-content\/uploads\/2026\/02\/kirisiklik-tedavisi-1170x700-1-300x179.jpg 300w, https:\/\/az.dsvline.com\/wp-content\/uploads\/2026\/02\/kirisiklik-tedavisi-1170x700-1-600x359.jpg 600w, https:\/\/az.dsvline.com\/wp-content\/uploads\/2026\/02\/kirisiklik-tedavisi-1170x700-1-1024x613.jpg 1024w, https:\/\/az.dsvline.com\/wp-content\/uploads\/2026\/02\/kirisiklik-tedavisi-1170x700-1-768x459.jpg 768w, https:\/\/az.dsvline.com\/wp-content\/uploads\/2026\/02\/kirisiklik-tedavisi-1170x700-1.jpg 1170w\" sizes=\"auto, (max-width: 300px) 100vw, 300px\" \/>\t\t\t\t\t<\/a>\n\t\t\t\t<\/div>\n\t\t\t\n\t\t\t<div class=\"hfe-post-content\">\n\t\t\t\t\t\t\t\t\t<h3 class=\"hfe-post-title\">\n\t\t\t\t\t\t<a href=\"https:\/\/az.dsvline.com\/ru\/2026\/02\/26\/kollagen-c-vitamini-serumu\/\" rel=\"bookmark\">\n\t\t\t\t\t\t\t\u041f\u0440\u043e\u0442\u0438\u0432 \u043c\u043e\u0440\u0449\u0438\u043d \u0438 \u043f\u0438\u0433\u043c\u0435\u043d\u0442\u043d\u044b\u0445 \u043f\u044f\u0442\u0435\u043d: \u0441\u044b\u0432\u043e\u0440\u043e\u0442\u043a\u0430 \u0441 \u043a\u043e\u043b\u043b\u0430\u0433\u0435\u043d\u043e\u043c \u0438 \u0432\u0438\u0442\u0430\u043c\u0438\u043d\u043e\u043c \u0421.\t\t\t\t\t\t<\/a>\n\t\t\t\t\t<\/h3>\n\t\t\t\t\n\t\t\t\t\t\t\t\t\t<div class=\"hfe-post-meta\">\n\t\t\t\t\t\t<span class=\"hfe-post-date\">26 \u0444\u0435\u0432\u0440\u0430\u043b\u044f, 2026<\/span>\t\t\t\t\t<\/div>\n\t\t\t\t\n\t\t\t\t\t\t\t\t\t<div class=\"hfe-post-excerpt\">\n\t\t\t\t\t\t\u041d\u0430\u0448 \u043e\u043f\u044b\u0442 \u0438\u0441\u043f\u043e\u043b\u044c\u0437\u043e\u0432\u0430\u043d\u0438\u044f \u0431\u0435\u0437\u0432\u043e\u0434\u043d\u043e\u0439 \u0441\u044b\u0432\u043e\u0440\u043e\u0442\u043a\u0438 \u0441 \u043a\u043e\u043b\u043b\u0430\u0433\u0435\u043d\u043e\u043c \u0438 \u0432\u0438\u0442\u0430\u043c\u0438\u043d\u043e\u043c \u0421, \u043a\u043e\u0442\u043e\u0440\u0430\u044f \u043f\u043e\u0432\u044b\u0448\u0430\u0435\u0442 \u0443\u043f\u0440\u0443\u0433\u043e\u0441\u0442\u044c \u043a\u043e\u0436\u0438 \u043d\u0430 69,41 TP3T. \u041b\u0443\u0447\u0448\u0435\u0435 \u0440\u0435\u0448\u0435\u043d\u0438\u0435 \u043e\u0442 \u043c\u043e\u0440\u0449\u0438\u043d \u0438 \u043f\u044f\u0442\u0435\u043d, \u043a\u0430\u043a \u0435\u0451 \u0438\u0441\u043f\u043e\u043b\u044c\u0437\u043e\u0432\u0430\u0442\u044c.\t\t\t\t\t<\/div>\n\t\t\t\t\n\t\t\t\t\t\t\t\t\t<a href=\"https:\/\/az.dsvline.com\/ru\/2026\/02\/26\/kollagen-c-vitamini-serumu\/\" class=\"hfe-read-more\" rel=\"bookmark\">\n\t\t\t\t\t\t\u0427\u0438\u0442\u0430\u0442\u044c \u0434\u0430\u043b\u0435\u0435 \u2192\t\t\t\t\t<\/a>\n\t\t\t\t\t\t\t<\/div>\n\t\t<\/article>\n\t\t\t\t<article class=\"hfe-post-card\">\n\t\t\t\t\t\t\t<div class=\"hfe-post-image\">\n\t\t\t\t\t<a href=\"https:\/\/az.dsvline.com\/ru\/2026\/02\/26\/yaslanmaeleyhine-gunes-kremi-spf-50\/\" rel=\"bookmark\">\n\t\t\t\t\t\t<img loading=\"lazy\" decoding=\"async\" width=\"300\" height=\"204\" src=\"https:\/\/az.dsvline.com\/wp-content\/uploads\/2026\/02\/antiaging680-300x204.jpg\" class=\"attachment-medium size-medium wp-post-image\" alt=\"Ya\u015flanma \u018fleyhin\u0259 G\u00fcn\u0259\u015f Kremi DS V-LINE Lum\u00e9a SPF 50+\" srcset=\"https:\/\/az.dsvline.com\/wp-content\/uploads\/2026\/02\/antiaging680-300x204.jpg 300w, https:\/\/az.dsvline.com\/wp-content\/uploads\/2026\/02\/antiaging680-600x408.jpg 600w, https:\/\/az.dsvline.com\/wp-content\/uploads\/2026\/02\/antiaging680-768x522.jpg 768w, https:\/\/az.dsvline.com\/wp-content\/uploads\/2026\/02\/antiaging680.jpg 1000w\" sizes=\"auto, (max-width: 300px) 100vw, 300px\" \/>\t\t\t\t\t<\/a>\n\t\t\t\t<\/div>\n\t\t\t\n\t\t\t<div class=\"hfe-post-content\">\n\t\t\t\t\t\t\t\t\t<h3 class=\"hfe-post-title\">\n\t\t\t\t\t\t<a href=\"https:\/\/az.dsvline.com\/ru\/2026\/02\/26\/yaslanmaeleyhine-gunes-kremi-spf-50\/\" rel=\"bookmark\">\n\t\t\t\t\t\t\t\u0421\u043e\u043b\u043d\u0446\u0435\u0437\u0430\u0449\u0438\u0442\u043d\u044b\u0439 \u043a\u0440\u0435\u043c \u043f\u0440\u043e\u0442\u0438\u0432 \u0441\u0442\u0430\u0440\u0435\u043d\u0438\u044f DS V-LINE Lum\u00e9a SPF 50+\t\t\t\t\t\t<\/a>\n\t\t\t\t\t<\/h3>\n\t\t\t\t\n\t\t\t\t\t\t\t\t\t<div class=\"hfe-post-meta\">\n\t\t\t\t\t\t<span class=\"hfe-post-date\">26 \u0444\u0435\u0432\u0440\u0430\u043b\u044f, 2026<\/span>\t\t\t\t\t<\/div>\n\t\t\t\t\n\t\t\t\t\t\t\t\t\t<div class=\"hfe-post-excerpt\">\n\t\t\t\t\t\t\u041d\u0430\u0448 \u043e\u043f\u044b\u0442 \u0438\u0441\u043f\u043e\u043b\u044c\u0437\u043e\u0432\u0430\u043d\u0438\u044f \u0441\u043e\u043b\u043d\u0446\u0435\u0437\u0430\u0449\u0438\u0442\u043d\u043e\u0433\u043e \u043a\u0440\u0435\u043c\u0430 DS V-LINE Lum\u00e9a SPF 50+, \u043a\u043e\u0442\u043e\u0440\u044b\u0439 \u043d\u0435 \u043e\u0441\u0442\u0430\u0432\u043b\u044f\u0435\u0442 \u0431\u0435\u043b\u044b\u0445 \u0441\u043b\u0435\u0434\u043e\u0432 \u043d\u0430 \u043b\u0438\u0446\u0435 \u0438 \u0431\u043e\u0433\u0430\u0442 \u0433\u0438\u0430\u043b\u0443\u0440\u043e\u043d\u043e\u0432\u043e\u0439 \u043a\u0438\u0441\u043b\u043e\u0442\u043e\u0439 \u0438 \u043a\u043e\u043b\u043b\u0430\u0433\u0435\u043d\u043e\u043c. \u041f\u043e\u043b\u043d\u0430\u044f \u0437\u0430\u0449\u0438\u0442\u0430 \u043e\u0442 \u0441\u0442\u0430\u0440\u0435\u043d\u0438\u044f \u0438 \u0438\u043d\u0441\u0442\u0440\u0443\u043a\u0446\u0438\u044f \u043f\u043e \u043f\u0440\u0438\u043c\u0435\u043d\u0435\u043d\u0438\u044e.\t\t\t\t\t<\/div>\n\t\t\t\t\n\t\t\t\t\t\t\t\t\t<a href=\"https:\/\/az.dsvline.com\/ru\/2026\/02\/26\/yaslanmaeleyhine-gunes-kremi-spf-50\/\" class=\"hfe-read-more\" rel=\"bookmark\">\n\t\t\t\t\t\t\u0427\u0438\u0442\u0430\u0442\u044c \u0434\u0430\u043b\u0435\u0435 \u2192\t\t\t\t\t<\/a>\n\t\t\t\t\t\t\t<\/div>\n\t\t<\/article>\n\t\t\t\t<article class=\"hfe-post-card\">\n\t\t\t\t\t\t\t<div class=\"hfe-post-image\">\n\t\t\t\t\t<a href=\"https:\/\/az.dsvline.com\/ru\/2026\/02\/26\/uz-ucun-c-vitamini-serumu-10-faiz\/\" rel=\"bookmark\">\n\t\t\t\t\t\t<img loading=\"lazy\" decoding=\"async\" width=\"300\" height=\"169\" src=\"https:\/\/az.dsvline.com\/wp-content\/uploads\/2026\/02\/aydinlik-ve-parlak-bir-cilt-icin-300x169.jpg\" class=\"attachment-medium size-medium wp-post-image\" alt=\"Parlaq D\u0259ri Sirri 10% C Vitamini Serumu \u0130nc\u0259l\u0259m\u0259si\" srcset=\"https:\/\/az.dsvline.com\/wp-content\/uploads\/2026\/02\/aydinlik-ve-parlak-bir-cilt-icin-300x169.jpg 300w, https:\/\/az.dsvline.com\/wp-content\/uploads\/2026\/02\/aydinlik-ve-parlak-bir-cilt-icin-600x338.jpg 600w, https:\/\/az.dsvline.com\/wp-content\/uploads\/2026\/02\/aydinlik-ve-parlak-bir-cilt-icin-1024x576.jpg 1024w, https:\/\/az.dsvline.com\/wp-content\/uploads\/2026\/02\/aydinlik-ve-parlak-bir-cilt-icin-768x432.jpg 768w, https:\/\/az.dsvline.com\/wp-content\/uploads\/2026\/02\/aydinlik-ve-parlak-bir-cilt-icin.jpg 1280w\" sizes=\"auto, (max-width: 300px) 100vw, 300px\" \/>\t\t\t\t\t<\/a>\n\t\t\t\t<\/div>\n\t\t\t\n\t\t\t<div class=\"hfe-post-content\">\n\t\t\t\t\t\t\t\t\t<h3 class=\"hfe-post-title\">\n\t\t\t\t\t\t<a href=\"https:\/\/az.dsvline.com\/ru\/2026\/02\/26\/uz-ucun-c-vitamini-serumu-10-faiz\/\" rel=\"bookmark\">\n\t\t\t\t\t\t\t\u041e\u0442\u0437\u044b\u0432 \u043e \u0441\u044b\u0432\u043e\u0440\u043e\u0442\u043a\u0435 \u0441 \u0432\u0438\u0442\u0430\u043c\u0438\u043d\u043e\u043c \u0421 Glowing Skin Secret 10%\t\t\t\t\t\t<\/a>\n\t\t\t\t\t<\/h3>\n\t\t\t\t\n\t\t\t\t\t\t\t\t\t<div class=\"hfe-post-meta\">\n\t\t\t\t\t\t<span class=\"hfe-post-date\">26 \u0444\u0435\u0432\u0440\u0430\u043b\u044f, 2026<\/span>\t\t\t\t\t<\/div>\n\t\t\t\t\n\t\t\t\t\t\t\t\t\t<div class=\"hfe-post-excerpt\">\n\t\t\t\t\t\t\u041d\u0430\u0448 \u043e\u043f\u044b\u0442 \u0438\u0441\u043f\u043e\u043b\u044c\u0437\u043e\u0432\u0430\u043d\u0438\u044f \u0441\u044b\u0432\u043e\u0440\u043e\u0442\u043a\u0438 10% \u0441 \u0447\u0438\u0441\u0442\u043e\u0439 L-\u0430\u0441\u043a\u043e\u0440\u0431\u0438\u043d\u043e\u0432\u043e\u0439 \u043a\u0438\u0441\u043b\u043e\u0442\u043e\u0439 \u0438 \u0432\u0438\u0442\u0430\u043c\u0438\u043d\u043e\u043c \u0421 \u0434\u043b\u044f \u0431\u043e\u0440\u044c\u0431\u044b \u0441 \u043f\u044f\u0442\u043d\u0430\u043c\u0438 \u0438 \u0432\u044b\u0440\u0430\u0432\u043d\u0438\u0432\u0430\u043d\u0438\u044f \u0442\u043e\u043d\u0430 \u043a\u043e\u0436\u0438. \u0412\u043e\u0442 \u043a\u0430\u043a \u0435\u0451 \u043f\u0440\u0438\u043c\u0435\u043d\u044f\u0442\u044c \u0434\u043b\u044f \u0441\u0438\u044f\u044e\u0449\u0435\u0439 \u0438 \u043c\u043e\u043b\u043e\u0434\u043e\u0439 \u043a\u043e\u0436\u0438.\t\t\t\t\t<\/div>\n\t\t\t\t\n\t\t\t\t\t\t\t\t\t<a href=\"https:\/\/az.dsvline.com\/ru\/2026\/02\/26\/uz-ucun-c-vitamini-serumu-10-faiz\/\" class=\"hfe-read-more\" rel=\"bookmark\">\n\t\t\t\t\t\t\u0427\u0438\u0442\u0430\u0442\u044c \u0434\u0430\u043b\u0435\u0435 \u2192\t\t\t\t\t<\/a>\n\t\t\t\t\t\t\t<\/div>\n\t\t<\/article>\n\t\t\t\t<article class=\"hfe-post-card\">\n\t\t\t\t\t\t\t<div class=\"hfe-post-image\">\n\t\t\t\t\t<a href=\"https:\/\/az.dsvline.com\/ru\/2026\/02\/26\/qirislara-qarsiretinol-serumu\/\" rel=\"bookmark\">\n\t\t\t\t\t\t<img loading=\"lazy\" decoding=\"async\" width=\"300\" height=\"158\" src=\"https:\/\/az.dsvline.com\/wp-content\/uploads\/2026\/02\/primary-share-300x158.webp\" class=\"attachment-medium size-medium wp-post-image\" alt=\"Q\u0131r\u0131\u015flara Qar\u015f\u0131 \u018fn Yax\u015f\u0131 H\u0259ll Retinol Serumu \u0130nc\u0259l\u0259m\u0259si\" srcset=\"https:\/\/az.dsvline.com\/wp-content\/uploads\/2026\/02\/primary-share-300x158.webp 300w, https:\/\/az.dsvline.com\/wp-content\/uploads\/2026\/02\/primary-share-600x315.webp 600w, https:\/\/az.dsvline.com\/wp-content\/uploads\/2026\/02\/primary-share-1024x538.webp 1024w, https:\/\/az.dsvline.com\/wp-content\/uploads\/2026\/02\/primary-share-768x403.webp 768w, https:\/\/az.dsvline.com\/wp-content\/uploads\/2026\/02\/primary-share.webp 1200w\" sizes=\"auto, (max-width: 300px) 100vw, 300px\" \/>\t\t\t\t\t<\/a>\n\t\t\t\t<\/div>\n\t\t\t\n\t\t\t<div class=\"hfe-post-content\">\n\t\t\t\t\t\t\t\t\t<h3 class=\"hfe-post-title\">\n\t\t\t\t\t\t<a href=\"https:\/\/az.dsvline.com\/ru\/2026\/02\/26\/qirislara-qarsiretinol-serumu\/\" rel=\"bookmark\">\n\t\t\t\t\t\t\t\u041e\u0431\u0437\u043e\u0440 \u043b\u0443\u0447\u0448\u0435\u0439 \u0441\u044b\u0432\u043e\u0440\u043e\u0442\u043a\u0438 \u043f\u0440\u043e\u0442\u0438\u0432 \u043c\u043e\u0440\u0449\u0438\u043d \u0441 \u0440\u0435\u0442\u0438\u043d\u043e\u043b\u043e\u043c\t\t\t\t\t\t<\/a>\n\t\t\t\t\t<\/h3>\n\t\t\t\t\n\t\t\t\t\t\t\t\t\t<div class=\"hfe-post-meta\">\n\t\t\t\t\t\t<span class=\"hfe-post-date\">26 \u0444\u0435\u0432\u0440\u0430\u043b\u044f, 2026<\/span>\t\t\t\t\t<\/div>\n\t\t\t\t\n\t\t\t\t\t\t\t\t\t<div class=\"hfe-post-excerpt\">\n\t\t\t\t\t\t\u0420\u0435\u0448\u0435\u043d\u0438\u0435 Direct Solution: \u043a\u043e\u043d\u0446\u0435\u043d\u0442\u0440\u0438\u0440\u043e\u0432\u0430\u043d\u043d\u0430\u044f \u0441\u0443\u043f\u0435\u0440\u0441\u044b\u0432\u043e\u0440\u043e\u0442\u043a\u0430 \u0431\u0435\u0437 \u0432\u043e\u0434\u044b \u0441 \u0447\u0438\u0441\u0442\u044b\u043c \u0440\u0435\u0442\u0438\u043d\u043e\u043b\u043e\u043c \u0438 \u0432\u0438\u0442\u0430\u043c\u0438\u043d\u043e\u043c \u0415 \u0434\u043b\u044f \u0431\u043e\u0440\u044c\u0431\u044b \u0441 \u043c\u0435\u043b\u043a\u0438\u043c\u0438 \u043c\u043e\u0440\u0449\u0438\u043d\u0430\u043c\u0438, \u0441\u043a\u043b\u0430\u0434\u043a\u0430\u043c\u0438 \u0438 \u043f\u043e\u0440\u0430\u043c\u0438. \u041c\u0430\u043a\u0441\u0438\u043c\u0430\u043b\u044c\u043d\u043e\u0435 \u0443\u0432\u043b\u0430\u0436\u043d\u0435\u043d\u0438\u0435: \u0432 \u043e\u0442\u043b\u0438\u0447\u0438\u0435 \u043e\u0442 \u043c\u043d\u043e\u0433\u0438\u0445 \u0441\u0440\u0435\u0434\u0441\u0442\u0432 \u0441 \u0440\u0435\u0442\u0438\u043d\u043e\u043b\u043e\u043c, \u0441\u043e\u0434\u0435\u0440\u0436\u0430\u0449\u0438\u0439\u0441\u044f \u0432 \u043d\u0435\u0439 \u0432\u0438\u0442\u0430\u043c\u0438\u043d \u0415 \u043d\u0435 \u0441\u0443\u0448\u0438\u0442 \u043a\u043e\u0436\u0443 \u0438 \u043c\u0438\u043d\u0438\u043c\u0438\u0437\u0438\u0440\u0443\u0435\u0442 \u0440\u0438\u0441\u043a \u043f\u043e\u043a\u0440\u0430\u0441\u043d\u0435\u043d\u0438\u044f. \u0418\u0434\u0435\u0430\u043b\u044c\u043d\u043e \u043f\u043e\u0434\u0445\u043e\u0434\u0438\u0442 \u0434\u043b\u044f \u043d\u043e\u0447\u043d\u043e\u0433\u043e \u0443\u0445\u043e\u0434\u0430: \u043d\u0430\u0447\u0438\u043d\u0430\u044f \u0441 \u043d\u043e\u0447\u043d\u043e\u0433\u043e \u043f\u0440\u0438\u043c\u0435\u043d\u0435\u043d\u0438\u044f 2-3 \u0440\u0430\u0437\u0430 \u0432 \u043d\u0435\u0434\u0435\u043b\u044e, \u043e\u043d\u0430 \u0443\u0441\u043a\u043e\u0440\u044f\u0435\u0442 \u0441\u0438\u043d\u0442\u0435\u0437 \u043a\u043e\u043b\u043b\u0430\u0433\u0435\u043d\u0430 \u0432 \u043a\u043e\u0436\u0435 \u0438 \u0442\u043e\u043d\u0438\u0437\u0438\u0440\u0443\u0435\u0442 \u0435\u0435...\t\t\t\t\t<\/div>\n\t\t\t\t\n\t\t\t\t\t\t\t\t\t<a href=\"https:\/\/az.dsvline.com\/ru\/2026\/02\/26\/qirislara-qarsiretinol-serumu\/\" class=\"hfe-read-more\" rel=\"bookmark\">\n\t\t\t\t\t\t\u0427\u0438\u0442\u0430\u0442\u044c \u0434\u0430\u043b\u0435\u0435 \u2192\t\t\t\t\t<\/a>\n\t\t\t\t\t\t\t<\/div>\n\t\t<\/article>\n\t\t<\/div>\n\t\t\t\t<\/div>\n\t\t\t\t<\/div>\n\t\t\t\t\t<\/div>\n\t\t\t\t<\/div>\n\t\t\t\t<\/div>","protected":false},"excerpt":{"rendered":"<p>\u0421\u044b\u0432\u043e\u0440\u043e\u0442\u043a\u0430 \u0434\u043b\u044f \u043f\u043e\u0434\u0441\u0443\u0448\u0438\u0432\u0430\u043d\u0438\u044f \u043f\u0440\u044b\u0449\u0435\u0439: \u041e\u0431\u0437\u043e\u0440 \u0441\u0440\u0435\u0434\u0441\u0442\u0432\u0430 SOS \u0434\u043b\u044f \u043c\u0435\u0441\u0442\u043d\u043e\u0433\u043e \u043f\u0440\u0438\u043c\u0435\u043d\u0435\u043d\u0438\u044f \u043e\u0442 \u043f\u0440\u044b\u0449\u0435\u0439 26 \u0444\u0435\u0432\u0440\u0430\u043b\u044f 2026 \u0433. \u041d\u0430\u0448 \u043e\u043f\u044b\u0442 \u0438\u0441\u043f\u043e\u043b\u044c\u0437\u043e\u0432\u0430\u043d\u0438\u044f \u0441\u044b\u0432\u043e\u0440\u043e\u0442\u043a\u0438 SOS \u0441 \u043a\u0430\u043b\u0430\u043c\u0438\u043d\u043e\u043c, \u0441\u0435\u0440\u043e\u0439 \u0438 \u0441\u0430\u043b\u0438\u0446\u0438\u043b\u043e\u0432\u043e\u0439 \u043a\u0438\u0441\u043b\u043e\u0442\u043e\u0439 \u0434\u043b\u044f \u043f\u043e\u0434\u0441\u0443\u0448\u0438\u0432\u0430\u043d\u0438\u044f \u043f\u0440\u044b\u0449\u0435\u0439 \u0437\u0430 \u043d\u043e\u0447\u044c. \u0418\u043d\u0441\u0442\u0440\u0443\u043a\u0446\u0438\u044f \u043f\u043e \u043f\u0440\u0438\u043c\u0435\u043d\u0435\u043d\u0438\u044e \u0438 \u0431\u044b\u0441\u0442\u0440\u044b\u0439 \u0440\u0435\u0437\u0443\u043b\u044c\u0442\u0430\u0442. \u0427\u0438\u0442\u0430\u0442\u044c \u0434\u0430\u043b\u0435\u0435 \u2192 \u041e\u0431\u0437\u043e\u0440 \u0441\u044b\u0432\u043e\u0440\u043e\u0442\u043a\u0438 15% \u0441 \u043d\u0438\u0430\u0446\u0438\u043d\u0430\u043c\u0438\u0434\u043e\u043c \u0434\u043b\u044f \u0441\u0443\u0436\u0435\u043d\u0438\u044f \u043f\u043e\u0440 \u0438 \u0443\u043c\u0435\u043d\u044c\u0448\u0435\u043d\u0438\u044f \u043f\u044f\u0442\u0435\u043d 26 \u0444\u0435\u0432\u0440\u0430\u043b\u044f 2026 \u0433. 15% \u0441 \u043d\u0438\u0430\u0446\u0438\u043d\u0430\u043c\u0438\u0434\u043e\u043c \u0438\u2026<\/p>","protected":false},"author":1,"featured_media":0,"parent":0,"menu_order":0,"comment_status":"closed","ping_status":"closed","template":"elementor_header_footer","meta":{"_bst_post_transparent":"","_bst_post_title":"","_bst_post_layout":"","_bst_post_sidebar_id":"","_bst_post_content_style":"","_bst_post_vertical_padding":"","_bst_post_feature":"","_bst_post_feature_position":"","_bst_post_header":false,"_bst_post_footer":false,"footnotes":""},"class_list":["post-716","page","type-page","status-publish","hentry"],"jetpack_sharing_enabled":true,"_links":{"self":[{"href":"https:\/\/az.dsvline.com\/ru\/wp-json\/wp\/v2\/pages\/716","targetHints":{"allow":["GET"]}}],"collection":[{"href":"https:\/\/az.dsvline.com\/ru\/wp-json\/wp\/v2\/pages"}],"about":[{"href":"https:\/\/az.dsvline.com\/ru\/wp-json\/wp\/v2\/types\/page"}],"author":[{"embeddable":true,"href":"https:\/\/az.dsvline.com\/ru\/wp-json\/wp\/v2\/users\/1"}],"replies":[{"embeddable":true,"href":"https:\/\/az.dsvline.com\/ru\/wp-json\/wp\/v2\/comments?post=716"}],"version-history":[{"count":13,"href":"https:\/\/az.dsvline.com\/ru\/wp-json\/wp\/v2\/pages\/716\/revisions"}],"predecessor-version":[{"id":2072,"href":"https:\/\/az.dsvline.com\/ru\/wp-json\/wp\/v2\/pages\/716\/revisions\/2072"}],"wp:attachment":[{"href":"https:\/\/az.dsvline.com\/ru\/wp-json\/wp\/v2\/media?parent=716"}],"curies":[{"name":"wp","href":"https:\/\/api.w.org\/{rel}","templated":true}]}}