{"id":430,"date":"2026-02-22T08:58:58","date_gmt":"2026-02-22T08:58:58","guid":{"rendered":"https:\/\/az.dsvline.com\/?post_type=product&#038;p=430"},"modified":"2026-04-11T12:48:14","modified_gmt":"2026-04-11T08:48:14","slug":"ds-v-line-hydrotoner-quru-deriler-ucun-tonik","status":"publish","type":"product","link":"https:\/\/az.dsvline.com\/ru\/product\/ds-v-line-hydrotoner-quru-deriler-ucun-tonik\/","title":{"rendered":"\u0413\u0438\u0434\u0440\u043e\u0442\u043e\u043d\u0438\u043a HydroToner \u0434\u043b\u044f \u043d\u043e\u0440\u043c\u0430\u043b\u044c\u043d\u043e\u0439 \u0438 \u0441\u0443\u0445\u043e\u0439 \u043a\u043e\u0436\u0438 (500 \u043c\u043b)"},"content":{"rendered":"<p><!-- B\u00d6L\u00dcM 1 \u2014 G\u00f6rsel Sol \/ Yaz\u0131 Sa\u011f --><\/p>\n<div style=\"display:flex; align-items:center; gap:40px; margin-bottom:60px; flex-wrap:wrap;\">\n<div style=\"flex:1; min-width:280px; aspect-ratio:16\/9; min-height:220px; background-image:url('https:\/\/static.ticimax.cloud\/77383\/uploads\/editoruploads\/toner_1.png?t=20260330150646'); background-size:cover; background-position:center; border-radius:25px;\">&nbsp;<\/div>\n<div style=\"flex:1; min-width:280px;\">\n<p style=\"font-size:16px; color:#6b7280; line-height:1.8; margin:0;\">\u2022 \u0421\u043f\u043e\u0441\u043e\u0431\u0441\u0442\u0432\u0443\u0435\u0442 \u0441\u043e\u0437\u0434\u0430\u043d\u0438\u044e \u0431\u043e\u043b\u0435\u0435 \u0433\u043b\u0430\u0434\u043a\u043e\u0439 \u0438 \u043d\u0435\u0436\u043d\u043e\u0439 \u0442\u0435\u043a\u0441\u0442\u0443\u0440\u044b \u043a\u043e\u0436\u0438 \u0437\u0430 \u0441\u0447\u0435\u0442 \u043e\u0447\u0438\u0449\u0435\u043d\u0438\u044f \u0435\u0435 \u043f\u043e\u0432\u0435\u0440\u0445\u043d\u043e\u0441\u0442\u0438.<br \/>\u2022 \u041f\u043e\u043c\u043e\u0433\u0430\u0435\u0442 \u0441\u0434\u0435\u043b\u0430\u0442\u044c \u0442\u043e\u043d \u043a\u043e\u0436\u0438 \u0431\u043e\u043b\u0435\u0435 \u0441\u0431\u0430\u043b\u0430\u043d\u0441\u0438\u0440\u043e\u0432\u0430\u043d\u043d\u044b\u043c.<br \/>\u2022 \u0421\u043f\u043e\u0441\u043e\u0431\u0441\u0442\u0432\u0443\u0435\u0442 \u0431\u043e\u043b\u0435\u0435 \u0441\u0438\u044f\u044e\u0449\u0435\u043c\u0443 \u0432\u0438\u0434\u0443 \u043a\u043e\u0436\u0438.<\/p>\n<\/p><\/div>\n<\/div>\n<p><!-- B\u00d6L\u00dcM 2 \u2014 Mobilde: G\u00f6rsel \u00dcst \/ Masa\u00fcst\u00fcnde: Yaz\u0131 Sol, G\u00f6rsel Sa\u011f --><\/p>\n<div style=\"display:flex; align-items:center; gap:40px; margin-bottom:60px; flex-wrap:wrap; flex-direction:row-reverse;\">\n<div style=\"flex:1; min-width:280px; aspect-ratio:16\/9; min-height:220px; background-image:url('https:\/\/static.ticimax.cloud\/77383\/uploads\/editoruploads\/urun_gorselleri\/12_bitkisel_icerik.png'); background-size:cover; background-position:center; border-radius:25px;\">&nbsp;<\/div>\n<div style=\"flex:1; min-width:280px;\">\n<p style=\"font-size:16px; color:#6b7280; line-height:1.8; margin:0;\">\u2022 \u041f\u043e\u043c\u043e\u0433\u0430\u0435\u0442 \u0443\u043c\u0435\u043d\u044c\u0448\u0438\u0442\u044c \u043e\u0449\u0443\u0449\u0435\u043d\u0438\u0435 \u0441\u0443\u0445\u043e\u0441\u0442\u0438.<br \/>\u2022 \u0421\u043f\u043e\u0441\u043e\u0431\u0441\u0442\u0432\u0443\u0435\u0442 \u0441\u043c\u044f\u0433\u0447\u0435\u043d\u0438\u044e \u0438 \u043f\u043e\u0432\u044b\u0448\u0435\u043d\u0438\u044e \u044d\u043b\u0430\u0441\u0442\u0438\u0447\u043d\u043e\u0441\u0442\u0438 \u043a\u043e\u0436\u0438.<br \/>\u2022 \u041e\u0431\u0435\u0441\u043f\u0435\u0447\u0438\u0432\u0430\u0435\u0442 \u0438\u043d\u0442\u0435\u043d\u0441\u0438\u0432\u043d\u043e\u0435 \u0443\u0432\u043b\u0430\u0436\u043d\u0435\u043d\u0438\u0435 \u043a\u043e\u0436\u0438, \u043f\u0440\u0438\u0434\u0430\u0432\u0430\u044f \u0435\u0439 \u0431\u043e\u043b\u0435\u0435 \u0443\u043f\u0440\u0443\u0433\u0438\u0439 \u0432\u0438\u0434.<\/p>\n<\/p><\/div>\n<\/div>\n<p><!-- B\u00d6L\u00dcM 3 \u2014 G\u00f6rsel Sol \/ Yaz\u0131 Sa\u011f --><\/p>\n<div style=\"display:flex; align-items:center; gap:40px; margin-bottom:60px; flex-wrap:wrap;\">\n<div style=\"flex:1; min-width:280px; aspect-ratio:16\/9; min-height:220px; background-image:url('https:\/\/static.ticimax.cloud\/77383\/uploads\/editoruploads\/urun_gorselleri\/10_nem_bariyeri.png'); background-size:cover; background-position:center; border-radius:25px;\">&nbsp;<\/div>\n<div style=\"flex:1; min-width:280px;\">\n<p style=\"font-size:16px; color:#6b7280; line-height:1.8; margin:0;\">\u2022 \u0421\u043f\u043e\u0441\u043e\u0431\u0441\u0442\u0432\u0443\u0435\u0442 \u043b\u0443\u0447\u0448\u0435\u043c\u0443 \u043f\u0440\u0438\u043b\u0435\u0433\u0430\u043d\u0438\u044e \u0441\u0440\u0435\u0434\u0441\u0442\u0432 \u043f\u043e \u0443\u0445\u043e\u0434\u0443 \u043a \u043f\u043e\u0432\u0435\u0440\u0445\u043d\u043e\u0441\u0442\u0438 \u043a\u043e\u0436\u0438.<br \/>\u2022 \u041e\u0441\u0442\u0430\u0432\u043b\u044f\u0435\u0442 \u043e\u0449\u0443\u0449\u0435\u043d\u0438\u0435 \u0441\u0432\u0435\u0436\u0435\u0441\u0442\u0438 \u0438 \u0447\u0438\u0441\u0442\u043e\u0442\u044b \u043d\u0430 \u043a\u043e\u0436\u0435.<br \/>\u2022 \u041f\u043e\u043c\u043e\u0433\u0430\u0435\u0442 \u0432\u044b\u043f\u043e\u043b\u043d\u044f\u0442\u044c \u0435\u0436\u0435\u0434\u043d\u0435\u0432\u043d\u044b\u0435 \u043f\u0440\u043e\u0446\u0435\u0434\u0443\u0440\u044b \u043f\u043e \u0443\u0445\u043e\u0434\u0443.<\/p>\n<\/p><\/div>\n<\/div>\n<p><!-- B\u00d6L\u00dcM 4 \u2014 Mobilde: G\u00f6rsel \u00dcst \/ Masa\u00fcst\u00fcnde: Yaz\u0131 Sol, G\u00f6rsel Sa\u011f --><\/p>\n<div style=\"display:flex; align-items:center; gap:40px; margin-bottom:60px; flex-wrap:wrap; flex-direction:row-reverse;\">\n<div style=\"flex:1; min-width:280px; aspect-ratio:16\/9; min-height:220px; background-image:url('https:\/\/static.ticimax.cloud\/77383\/uploads\/editoruploads\/urun_gorselleri\/11_hyaluronik_asit.png'); background-size:cover; background-position:center; border-radius:25px;\">&nbsp;<\/div>\n<div style=\"flex:1; min-width:280px;\">\n<p style=\"font-size:16px; color:#6b7280; line-height:1.8; margin:0;\">\u042d\u0442\u043e\u0442 \u0441\u043f\u0435\u0446\u0438\u0430\u043b\u044c\u043d\u044b\u0439 \u0442\u043e\u043d\u0438\u043a, \u0431\u043b\u0430\u0433\u043e\u0434\u0430\u0440\u044f \u0441\u0432\u043e\u0435\u0439 \u043b\u0435\u0433\u043a\u043e\u0439 \u0438 \u043b\u0435\u0433\u043a\u043e \u0432\u043f\u0438\u0442\u044b\u0432\u0430\u044e\u0449\u0435\u0439\u0441\u044f \u0444\u043e\u0440\u043c\u0443\u043b\u0435, \u043c\u0433\u043d\u043e\u0432\u0435\u043d\u043d\u043e \u0443\u0432\u043b\u0430\u0436\u043d\u044f\u0435\u0442 \u0438 \u043e\u0436\u0438\u0432\u043b\u044f\u0435\u0442 \u043a\u043e\u0436\u0443, \u0443\u043a\u0440\u0435\u043f\u043b\u044f\u0435\u0442 \u043a\u043e\u0436\u043d\u044b\u0439 \u0431\u0430\u0440\u044c\u0435\u0440 \u0438 \u043f\u0440\u0435\u0434\u043e\u0442\u0432\u0440\u0430\u0449\u0430\u0435\u0442 \u043f\u043e\u0442\u0435\u0440\u044e \u0432\u043b\u0430\u0433\u0438, \u043e\u0431\u0435\u0441\u043f\u0435\u0447\u0438\u0432\u0430\u044f \u0438\u0434\u0435\u0430\u043b\u044c\u043d\u044b\u0439 pH-\u0431\u0430\u043b\u0430\u043d\u0441 \u043a\u043e\u0436\u0438 (pH 4,5) \u043f\u043e\u0441\u043b\u0435 \u043e\u0447\u0438\u0449\u0435\u043d\u0438\u044f \u043b\u0438\u0446\u0430.<\/p>\n<\/p><\/div>\n<\/div>","protected":false},"excerpt":{"rendered":"<p>\u0418\u0434\u0435\u0430\u043b\u044c\u043d\u043e\u0435 \u0440\u0435\u0448\u0435\u043d\u0438\u0435 \u0434\u043b\u044f \u043f\u043e\u0434\u0434\u0435\u0440\u0436\u0430\u043d\u0438\u044f \u0431\u0430\u043b\u0430\u043d\u0441\u0430 \u0432\u043b\u0430\u0433\u0438 \u0432 \u0432\u0430\u0448\u0435\u0439 \u043a\u043e\u0436\u0435. <b data-path-to-node=\"10\" data-index-in-node=\"101\">\u0413\u0438\u0434\u0440\u043e\u0442\u043e\u043d\u0435\u0440 DS V-LINE<\/b> \u041f\u0440\u0435\u0434\u0441\u0442\u0430\u0432\u043b\u044f\u0435\u043c! \u042d\u0442\u043e\u0442 \u043f\u0440\u043e\u0434\u0443\u043a\u0442, \u043a\u043e\u0442\u043e\u0440\u044b\u0439 \u043b\u0443\u0447\u0448\u0435 \u0432\u0441\u0435\u0433\u043e \u043f\u043e\u0434\u0445\u043e\u0434\u0438\u0442 \u0432 \u043a\u0430\u0447\u0435\u0441\u0442\u0432\u0435 \u0442\u043e\u043d\u0438\u043a\u0430 \u0434\u043b\u044f \u0441\u0443\u0445\u043e\u0439 \u043a\u043e\u0436\u0438, \u0433\u043b\u0443\u0431\u043e\u043a\u043e \u0443\u0432\u043b\u0430\u0436\u043d\u044f\u0435\u0442 \u043a\u043e\u0436\u0443 \u0431\u043b\u0430\u0433\u043e\u0434\u0430\u0440\u044f \u0444\u043e\u0440\u043c\u0443\u043b\u0435, \u0441\u043e\u0434\u0435\u0440\u0436\u0430\u0449\u0435\u0439 \u0433\u0438\u0430\u043b\u0443\u0440\u043e\u043d\u043e\u0432\u0443\u044e \u043a\u0438\u0441\u043b\u043e\u0442\u0443 \u0438 \u0446\u0435\u0440\u0430\u043c\u0438\u0434\u044b, \u043f\u043e\u0434\u0434\u0435\u0440\u0436\u0438\u0432\u0430\u0435\u0442 pH-\u0431\u0430\u043b\u0430\u043d\u0441 \u0438 \u043c\u0433\u043d\u043e\u0432\u0435\u043d\u043d\u043e \u0441\u043d\u0438\u043c\u0430\u0435\u0442 \u043e\u0449\u0443\u0449\u0435\u043d\u0438\u0435 \u0441\u0442\u044f\u043d\u0443\u0442\u043e\u0441\u0442\u0438.<\/p>","protected":false},"featured_media":2668,"comment_status":"open","ping_status":"closed","template":"","meta":{"_bst_post_transparent":"default","_bst_post_title":"","_bst_post_layout":"default","_bst_post_sidebar_id":"","_bst_post_content_style":"default","_bst_post_vertical_padding":"default","_bst_post_feature":"","_bst_post_feature_position":"","_bst_post_header":false,"_bst_post_footer":false},"product_brand":[],"product_cat":[62,48],"product_tag":[67,63,64,65,66],"class_list":{"0":"post-430","1":"product","2":"type-product","3":"status-publish","4":"has-post-thumbnail","6":"product_cat-temizleme-ve-arindirma","7":"product_cat-yenileyici-nemlendiriciler","8":"product_tag-hialuron-tursusu-tonik","9":"product_tag-nemlendirici-tonik","10":"product_tag-ph-balanslayici-tonik","11":"product_tag-quru-deri-baximi","12":"product_tag-seramidli-tonik","14":"first","15":"instock","16":"sale","17":"shipping-taxable","18":"purchasable","19":"product-type-simple","20":"entry","21":"content-bg","22":"loop-entry"},"jetpack_sharing_enabled":true,"_links":{"self":[{"href":"https:\/\/az.dsvline.com\/ru\/wp-json\/wp\/v2\/product\/430","targetHints":{"allow":["GET"]}}],"collection":[{"href":"https:\/\/az.dsvline.com\/ru\/wp-json\/wp\/v2\/product"}],"about":[{"href":"https:\/\/az.dsvline.com\/ru\/wp-json\/wp\/v2\/types\/product"}],"replies":[{"embeddable":true,"href":"https:\/\/az.dsvline.com\/ru\/wp-json\/wp\/v2\/comments?post=430"}],"wp:featuredmedia":[{"embeddable":true,"href":"https:\/\/az.dsvline.com\/ru\/wp-json\/wp\/v2\/media\/2668"}],"wp:attachment":[{"href":"https:\/\/az.dsvline.com\/ru\/wp-json\/wp\/v2\/media?parent=430"}],"wp:term":[{"taxonomy":"product_brand","embeddable":true,"href":"https:\/\/az.dsvline.com\/ru\/wp-json\/wp\/v2\/product_brand?post=430"},{"taxonomy":"product_cat","embeddable":true,"href":"https:\/\/az.dsvline.com\/ru\/wp-json\/wp\/v2\/product_cat?post=430"},{"taxonomy":"product_tag","embeddable":true,"href":"https:\/\/az.dsvline.com\/ru\/wp-json\/wp\/v2\/product_tag?post=430"}],"curies":[{"name":"wp","href":"https:\/\/api.w.org\/{rel}","templated":true}]}}