{"id":433,"date":"2026-02-22T08:58:59","date_gmt":"2026-02-22T08:58:59","guid":{"rendered":"https:\/\/az.dsvline.com\/?post_type=product&#038;p=433"},"modified":"2026-04-11T12:51:19","modified_gmt":"2026-04-11T08:51:19","slug":"ds-v-line-lifting-firming-retinol-e-vitamini-serum","status":"publish","type":"product","link":"https:\/\/az.dsvline.com\/ru\/product\/ds-v-line-lifting-firming-retinol-e-vitamini-serum\/","title":{"rendered":"\u0421\u044b\u0432\u043e\u0440\u043e\u0442\u043a\u0430 \u0441 \u0440\u0435\u0442\u0438\u043d\u043e\u043b\u043e\u043c \u0434\u043b\u044f \u043b\u0438\u0444\u0442\u0438\u043d\u0433\u0430 \u0438 \u0443\u043a\u0440\u0435\u043f\u043b\u0435\u043d\u0438\u044f \u043a\u043e\u0436\u0438, 30 \u043c\u043b (0,31 TP3T \u0440\u0435\u0442\u0438\u043d\u043e\u043b\u0430 + 21 TP3T \u0432\u0438\u0442\u0430\u043c\u0438\u043d\u0430 \u0415)"},"content":{"rendered":"<p><!-- B\u00d6L\u00dcM 1 \u2014 G\u00f6rsel Sol \/ Yaz\u0131 Sa\u011f --><\/p>\n<div style=\"display:flex; align-items:center; gap:40px; margin-bottom:60px; flex-wrap:wrap;\">\n<div style=\"flex:1; min-width:280px; aspect-ratio:16\/9; min-height:220px; background-image:url('https:\/\/static.ticimax.cloud\/77383\/uploads\/editoruploads\/urun_gorselleri\/li1.png'); background-size:cover; background-position:center; border-radius:25px;\">&nbsp;<\/div>\n<div style=\"flex:1; min-width:280px;\">\n<ul style=\"font-size:16px; color:#6b7280; line-height:1.8; margin:0; padding-left:20px;\">\n<li>\u0421\u043f\u043e\u0441\u043e\u0431\u0441\u0442\u0432\u0443\u0435\u0442 \u0441\u0438\u043d\u0442\u0435\u0437\u0443 \u043a\u043e\u043b\u043b\u0430\u0433\u0435\u043d\u0430 \u0438 \u044d\u043b\u0430\u0441\u0442\u0438\u043d\u0430.<\/li>\n<li>\u042d\u0442\u043e \u043f\u043e\u043c\u043e\u0433\u0430\u0435\u0442 \u0443\u043c\u0435\u043d\u044c\u0448\u0438\u0442\u044c \u0432\u0438\u0434\u0438\u043c\u043e\u0441\u0442\u044c \u043c\u0435\u043b\u043a\u0438\u0445 \u043c\u043e\u0440\u0449\u0438\u043d.<\/li>\n<li>\u042d\u0442\u043e \u043f\u043e\u043c\u043e\u0433\u0430\u0435\u0442 \u0441\u0434\u0435\u043b\u0430\u0442\u044c \u0442\u0435\u043a\u0441\u0442\u0443\u0440\u0443 \u043a\u043e\u0436\u0438 \u0431\u043e\u043b\u0435\u0435 \u0433\u043b\u0430\u0434\u043a\u043e\u0439.<\/li>\n<li>\u0421\u043f\u043e\u0441\u043e\u0431\u0441\u0442\u0432\u0443\u0435\u0442 \u0443\u043b\u0443\u0447\u0448\u0435\u043d\u0438\u044e \u0432\u043d\u0435\u0448\u043d\u0435\u0433\u043e \u0432\u0438\u0434\u0430 \u043f\u043e\u0440.<\/li>\n<\/ul><\/div>\n<\/div>\n<p><!-- B\u00d6L\u00dcM 2 \u2014 Mobilde: G\u00f6rsel \u00dcst \/ Masa\u00fcst\u00fcnde: Yaz\u0131 Sol, G\u00f6rsel Sa\u011f --><\/p>\n<div style=\"display:flex; align-items:center; gap:40px; margin-bottom:60px; flex-wrap:wrap; flex-direction:row-reverse;\">\n<div style=\"flex:1; min-width:280px; aspect-ratio:16\/9; min-height:220px; background-image:url('https:\/\/static.ticimax.cloud\/77383\/uploads\/editoruploads\/urun_gorselleri\/serum_texture_light_16x9.png'); background-size:cover; background-position:center; border-radius:25px;\">&nbsp;<\/div>\n<div style=\"flex:1; min-width:280px;\">\n<ul style=\"font-size:16px; color:#6b7280; line-height:1.8; margin:0; padding-left:20px;\">\n<li>\u0411\u043b\u0430\u0433\u043e\u0434\u0430\u0440\u044f \u0441\u0432\u043e\u0438\u043c \u0430\u043d\u0442\u0438\u043e\u043a\u0441\u0438\u0434\u0430\u043d\u0442\u043d\u044b\u043c \u0441\u0432\u043e\u0439\u0441\u0442\u0432\u0430\u043c, \u043e\u043d \u0437\u0430\u0449\u0438\u0449\u0430\u0435\u0442 \u043a\u043e\u0436\u0443 \u043e\u0442 \u0432\u043e\u0437\u0434\u0435\u0439\u0441\u0442\u0432\u0438\u044f \u043e\u043a\u0440\u0443\u0436\u0430\u044e\u0449\u0435\u0439 \u0441\u0440\u0435\u0434\u044b.<\/li>\n<li>\u042d\u0442\u043e \u043f\u043e\u043c\u043e\u0433\u0430\u0435\u0442 \u043f\u043e\u0434\u0434\u0435\u0440\u0436\u0438\u0432\u0430\u0442\u044c \u0443\u0440\u043e\u0432\u0435\u043d\u044c \u0443\u0432\u043b\u0430\u0436\u043d\u0435\u043d\u043d\u043e\u0441\u0442\u0438 \u043a\u043e\u0436\u0438.<\/li>\n<li>\u042d\u0442\u043e \u0441\u043f\u043e\u0441\u043e\u0431\u0441\u0442\u0432\u0443\u0435\u0442 \u0443\u043a\u0440\u0435\u043f\u043b\u0435\u043d\u0438\u044e \u043a\u043e\u0436\u043d\u043e\u0433\u043e \u0431\u0430\u0440\u044c\u0435\u0440\u0430.<\/li>\n<\/ul><\/div>\n<\/div>\n<p><!-- B\u00d6L\u00dcM 3 \u2014 G\u00f6rsel Sol \/ Yaz\u0131 Sa\u011f --><\/p>\n<div style=\"display:flex; align-items:center; gap:40px; margin-bottom:60px; flex-wrap:wrap;\">\n<div style=\"flex:1; min-width:280px; aspect-ratio:16\/9; min-height:220px; background-image:url('https:\/\/static.ticimax.cloud\/77383\/uploads\/editoruploads\/urun_gorselleri\/li3.png'); background-size:cover; background-position:center; border-radius:25px;\">&nbsp;<\/div>\n<div style=\"flex:1; min-width:280px;\">\n<ul style=\"font-size:16px; color:#6b7280; line-height:1.8; margin:0; padding-left:20px;\">\n<li>\u0418\u0441\u043f\u043e\u043b\u044c\u0437\u0443\u0439\u0442\u0435 \u0441\u044b\u0432\u043e\u0440\u043e\u0442\u043a\u0443 \u0442\u043e\u043b\u044c\u043a\u043e \u043d\u0430 \u043d\u043e\u0447\u044c.<\/li>\n<li>\u041d\u0430\u043d\u0435\u0441\u0438\u0442\u0435 2-3 \u043a\u0430\u043f\u043b\u0438 \u043d\u0430 \u0447\u0438\u0441\u0442\u0443\u044e \u0438 \u0441\u0443\u0445\u0443\u044e \u043a\u043e\u0436\u0443, \u0438\u0437\u0431\u0435\u0433\u0430\u044f \u043e\u0431\u043b\u0430\u0441\u0442\u0438 \u0432\u043e\u043a\u0440\u0443\u0433 \u0433\u043b\u0430\u0437.<\/li>\n<li>\u0412\u043d\u0430\u0447\u0430\u043b\u0435 \u0440\u0435\u043a\u043e\u043c\u0435\u043d\u0434\u0443\u0435\u0442\u0441\u044f \u0438\u0441\u043f\u043e\u043b\u044c\u0437\u043e\u0432\u0430\u0442\u044c \u0435\u0433\u043e 2-3 \u0440\u0430\u0437\u0430 \u0432 \u043d\u0435\u0434\u0435\u043b\u044e, \u043f\u043e\u0441\u0442\u0435\u043f\u0435\u043d\u043d\u043e \u0443\u0432\u0435\u043b\u0438\u0447\u0438\u0432\u0430\u044f \u0447\u0430\u0441\u0442\u043e\u0442\u0443 \u043f\u0440\u0438\u043c\u0435\u043d\u0435\u043d\u0438\u044f \u043f\u043e \u043c\u0435\u0440\u0435 \u0442\u043e\u0433\u043e, \u043a\u0430\u043a \u043a\u043e\u0436\u0430 \u043f\u0440\u0438\u0432\u044b\u043a\u0430\u0435\u0442 \u043a \u0440\u0435\u0442\u0438\u043d\u043e\u043b\u0443.<\/li>\n<li>\u041f\u0435\u0440\u0435\u0434 \u043d\u0430\u043d\u0435\u0441\u0435\u043d\u0438\u0435\u043c \u0443\u0432\u043b\u0430\u0436\u043d\u044f\u044e\u0449\u0435\u0433\u043e \u043a\u0440\u0435\u043c\u0430 \u0441\u044b\u0432\u043e\u0440\u043e\u0442\u043a\u0443 \u043d\u0435\u043e\u0431\u0445\u043e\u0434\u0438\u043c\u043e \u0434\u0430\u0442\u044c \u0432\u043f\u0438\u0442\u0430\u0442\u044c\u0441\u044f \u0432 \u043a\u043e\u0436\u0443.<\/li>\n<\/ul><\/div>\n<\/div>","protected":false},"excerpt":{"rendered":"<p>\u0421\u043e\u0434\u0435\u0440\u0436\u0438\u0442 \u0447\u0438\u0441\u0442\u044b\u0439 \u0440\u0435\u0442\u0438\u043d\u043e\u043b \u0438 \u0432\u0438\u0442\u0430\u043c\u0438\u043d \u0415. <b data-path-to-node=\"10\" data-index-in-node=\"81\">\u0421\u044b\u0432\u043e\u0440\u043e\u0442\u043a\u0430 \u0441 \u0440\u0435\u0442\u0438\u043d\u043e\u043b\u043e\u043c DS V-LINE<\/b> \u0414\u043e\u0431\u0435\u0439\u0442\u0435\u0441\u044c \u043c\u043e\u043b\u043e\u0434\u043e\u0433\u043e, \u0441\u0438\u044f\u044e\u0449\u0435\u0433\u043e \u0432\u0438\u0434\u0430 \u043a\u043e\u0436\u0438 \u0441 \u043f\u043e\u043c\u043e\u0449\u044c\u044e \u044d\u0442\u043e\u0439 \u043a\u043e\u043d\u0446\u0435\u043d\u0442\u0440\u0438\u0440\u043e\u0432\u0430\u043d\u043d\u043e\u0439 \u0441\u0443\u043f\u0435\u0440\u0441\u044b\u0432\u043e\u0440\u043e\u0442\u043a\u0438 \u0431\u0435\u0437 \u0432\u043e\u0434\u044b, \u043a\u043e\u0442\u043e\u0440\u0430\u044f \u0431\u043e\u0440\u0435\u0442\u0441\u044f \u0441 \u043c\u043e\u0440\u0449\u0438\u043d\u0430\u043c\u0438, \u043f\u043e\u0440\u0430\u043c\u0438 \u0438 \u043f\u044f\u0442\u043d\u0430\u043c\u0438, \u043e\u0431\u043d\u043e\u0432\u043b\u044f\u044f \u0432\u0430\u0448\u0443 \u043a\u043e\u0436\u0443 \u0437\u0430 \u043d\u043e\u0447\u044c.<\/p>","protected":false},"featured_media":2673,"comment_status":"open","ping_status":"closed","template":"","meta":{"_bst_post_transparent":"default","_bst_post_title":"","_bst_post_layout":"default","_bst_post_sidebar_id":"","_bst_post_content_style":"default","_bst_post_vertical_padding":"default","_bst_post_feature":"","_bst_post_feature_position":"","_bst_post_header":false,"_bst_post_footer":false},"product_brand":[],"product_cat":[17],"product_tag":[],"class_list":{"0":"post-433","1":"product","2":"type-product","3":"status-publish","4":"has-post-thumbnail","6":"product_cat-uncategorized","8":"first","9":"instock","10":"shipping-taxable","11":"purchasable","12":"product-type-simple","13":"entry","14":"content-bg","15":"loop-entry"},"jetpack_sharing_enabled":true,"_links":{"self":[{"href":"https:\/\/az.dsvline.com\/ru\/wp-json\/wp\/v2\/product\/433","targetHints":{"allow":["GET"]}}],"collection":[{"href":"https:\/\/az.dsvline.com\/ru\/wp-json\/wp\/v2\/product"}],"about":[{"href":"https:\/\/az.dsvline.com\/ru\/wp-json\/wp\/v2\/types\/product"}],"replies":[{"embeddable":true,"href":"https:\/\/az.dsvline.com\/ru\/wp-json\/wp\/v2\/comments?post=433"}],"wp:featuredmedia":[{"embeddable":true,"href":"https:\/\/az.dsvline.com\/ru\/wp-json\/wp\/v2\/media\/2673"}],"wp:attachment":[{"href":"https:\/\/az.dsvline.com\/ru\/wp-json\/wp\/v2\/media?parent=433"}],"wp:term":[{"taxonomy":"product_brand","embeddable":true,"href":"https:\/\/az.dsvline.com\/ru\/wp-json\/wp\/v2\/product_brand?post=433"},{"taxonomy":"product_cat","embeddable":true,"href":"https:\/\/az.dsvline.com\/ru\/wp-json\/wp\/v2\/product_cat?post=433"},{"taxonomy":"product_tag","embeddable":true,"href":"https:\/\/az.dsvline.com\/ru\/wp-json\/wp\/v2\/product_tag?post=433"}],"curies":[{"name":"wp","href":"https:\/\/api.w.org\/{rel}","templated":true}]}}