{"id":434,"date":"2026-02-22T08:58:59","date_gmt":"2026-02-22T08:58:59","guid":{"rendered":"https:\/\/az.dsvline.com\/?post_type=product&#038;p=434"},"modified":"2026-04-11T12:50:12","modified_gmt":"2026-04-11T08:50:12","slug":"ds-v-line-sizanaq-quruducu-serum-pore-drying","status":"publish","type":"product","link":"https:\/\/az.dsvline.com\/ru\/product\/ds-v-line-sizanaq-quruducu-serum-pore-drying\/","title":{"rendered":"\u0421\u0443\u0445\u043e\u0435 \u0441\u0440\u0435\u0434\u0441\u0442\u0432\u043e \u0434\u043b\u044f \u043f\u043e\u0434\u0441\u0443\u0448\u0438\u0432\u0430\u043d\u0438\u044f \u043f\u043e\u0440: SOS-\u0441\u044b\u0432\u043e\u0440\u043e\u0442\u043a\u0430 \u043f\u0440\u043e\u0442\u0438\u0432 \u0430\u043a\u043d\u0435 (30 \u043c\u043b)"},"content":{"rendered":"<p><!-- B\u00d6L\u00dcM 1 \u2014 G\u00f6rsel Sol \/ Yaz\u0131 Sa\u011f --><\/p>\n<div style=\"display:flex; align-items:center; gap:40px; margin-bottom:60px; flex-wrap:wrap;\">\n<div style=\"flex:1; min-width:280px; aspect-ratio:16\/9; min-height:220px; background-image:url('https:\/\/static.ticimax.cloud\/77383\/uploads\/editoruploads\/urun_gorselleri\/01_salisilik_asit.png'); background-size:cover; background-position:center; border-radius:25px;\">&nbsp;<\/div>\n<div style=\"flex:1; min-width:280px;\">\n<p style=\"font-size:16px; color:#6b7280; line-height:1.8; margin:0;\">\u041e\u043d \u0433\u043b\u0443\u0431\u043e\u043a\u043e \u043e\u0447\u0438\u0449\u0430\u0435\u0442 \u043f\u043e\u0440\u044b \u0438 \u0443\u0434\u0430\u043b\u044f\u0435\u0442 \u0438\u0437\u043b\u0438\u0448\u043a\u0438 \u043a\u043e\u0436\u043d\u043e\u0433\u043e \u0441\u0430\u043b\u0430, \u0441\u043a\u043e\u043f\u0438\u0432\u0448\u0438\u0435\u0441\u044f \u043d\u0430 \u043f\u043e\u0432\u0435\u0440\u0445\u043d\u043e\u0441\u0442\u0438 \u043a\u043e\u0436\u0438.<\/p>\n<\/p><\/div>\n<\/div>\n<p><!-- B\u00d6L\u00dcM 2 \u2014 Mobilde: G\u00f6rsel \u00dcst \/ Masa\u00fcst\u00fcnde: Yaz\u0131 Sol, G\u00f6rsel Sa\u011f --><\/p>\n<div style=\"display:flex; align-items:center; gap:40px; margin-bottom:60px; flex-wrap:wrap; flex-direction:row-reverse;\">\n<div style=\"flex:1; min-width:280px; aspect-ratio:16\/9; min-height:220px; background-image:url('https:\/\/static.ticimax.cloud\/77383\/uploads\/editoruploads\/urun_gorselleri\/02_sulfur.png'); background-size:cover; background-position:center; border-radius:25px;\">&nbsp;<\/div>\n<div style=\"flex:1; min-width:280px;\">\n<p style=\"font-size:16px; color:#6b7280; line-height:1.8; margin:0;\">\u042d\u0442\u043e \u0440\u0435\u0433\u0443\u043b\u0438\u0440\u0443\u0435\u0442 \u0432\u044b\u0440\u0430\u0431\u043e\u0442\u043a\u0443 \u043a\u043e\u0436\u043d\u043e\u0433\u043e \u0441\u0430\u043b\u0430 \u0438 \u0441\u043f\u043e\u0441\u043e\u0431\u0441\u0442\u0432\u0443\u0435\u0442 \u0431\u043e\u043b\u0435\u0435 \u0431\u044b\u0441\u0442\u0440\u043e\u043c\u0443 \u0443\u0441\u043f\u043e\u043a\u043e\u0435\u043d\u0438\u044e \u043f\u0440\u043e\u0431\u043b\u0435\u043c\u043d\u044b\u0445 \u0437\u043e\u043d.<\/p>\n<\/p><\/div>\n<\/div>\n<p><!-- B\u00d6L\u00dcM 3 \u2014 G\u00f6rsel Sol \/ Yaz\u0131 Sa\u011f --><\/p>\n<div style=\"display:flex; align-items:center; gap:40px; margin-bottom:60px; flex-wrap:wrap;\">\n<div style=\"flex:1; min-width:280px; aspect-ratio:16\/9; min-height:220px; background-image:url('https:\/\/static.ticimax.cloud\/77383\/uploads\/editoruploads\/urun_gorselleri\/03_pink_calamine.png'); background-size:cover; background-position:center; border-radius:25px;\">&nbsp;<\/div>\n<div style=\"flex:1; min-width:280px;\">\n<p style=\"font-size:16px; color:#6b7280; line-height:1.8; margin:0;\">\u041e\u043d \u0443\u0441\u043f\u043e\u043a\u0430\u0438\u0432\u0430\u0435\u0442 \u043a\u043e\u0436\u0443, \u0443\u043c\u0435\u043d\u044c\u0448\u0430\u0435\u0442 \u043f\u043e\u043a\u0440\u0430\u0441\u043d\u0435\u043d\u0438\u0435 \u0438 \u043f\u043e\u043c\u043e\u0433\u0430\u0435\u0442 \u043a\u043e\u0436\u0435 \u0432\u044b\u0433\u043b\u044f\u0434\u0435\u0442\u044c \u0431\u043e\u043b\u0435\u0435 \u0441\u0431\u0430\u043b\u0430\u043d\u0441\u0438\u0440\u043e\u0432\u0430\u043d\u043d\u043e\u0439.<\/p>\n<\/p><\/div>\n<\/div>\n<p><!-- B\u00d6L\u00dcM 4 \u2014 Mobilde: G\u00f6rsel \u00dcst \/ Masa\u00fcst\u00fcnde: Yaz\u0131 Sol, G\u00f6rsel Sa\u011f --><\/p>\n<div style=\"display:flex; align-items:center; gap:40px; margin-bottom:60px; flex-wrap:wrap; flex-direction:row-reverse;\">\n<div style=\"flex:1; min-width:280px; aspect-ratio:16\/9; min-height:220px; background-image:url('https:\/\/static.ticimax.cloud\/77383\/uploads\/editoruploads\/urun_gorselleri\/04_cinko_oksit.png'); background-size:cover; background-position:center; border-radius:25px;\">&nbsp;<\/div>\n<div style=\"flex:1; min-width:280px;\">\n<p style=\"font-size:16px; color:#6b7280; line-height:1.8; margin:0;\">\u041e\u043d \u0432\u043f\u0438\u0442\u044b\u0432\u0430\u0435\u0442 \u0438\u0437\u043b\u0438\u0448\u043a\u0438 \u043a\u043e\u0436\u043d\u043e\u0433\u043e \u0441\u0430\u043b\u0430 \u0438 \u043f\u0440\u0438\u0434\u0430\u0435\u0442 \u043a\u043e\u0436\u0435 \u0431\u043e\u043b\u0435\u0435 \u043c\u0430\u0442\u043e\u0432\u044b\u0439 \u0438 \u0447\u0438\u0441\u0442\u044b\u0439 \u0432\u0438\u0434.<\/p>\n<\/p><\/div>\n<\/div>\n<p><!-- B\u00d6L\u00dcM 5 \u2014 G\u00f6rsel Sol \/ Yaz\u0131 Sa\u011f --><\/p>\n<div style=\"display:flex; align-items:center; gap:40px; margin-bottom:60px; flex-wrap:wrap;\">\n<div style=\"flex:1; min-width:280px; aspect-ratio:16\/9; min-height:220px; background-image:url('https:\/\/static.ticimax.cloud\/77383\/uploads\/editoruploads\/urun_gorselleri\/05_kullanim_sekli.png'); background-size:cover; background-position:center; border-radius:25px;\">&nbsp;<\/div>\n<div style=\"flex:1; min-width:280px;\">\n<p style=\"font-size:16px; color:#6b7280; line-height:1.8; margin:0;\">\u0412\u0441\u0442\u0440\u044f\u0445\u043d\u0438\u0442\u0435 \u0444\u043b\u0430\u043a\u043e\u043d \u043f\u0435\u0440\u0435\u0434 \u0438\u0441\u043f\u043e\u043b\u044c\u0437\u043e\u0432\u0430\u043d\u0438\u0435\u043c \u0438 \u043f\u043e\u0434\u043e\u0436\u0434\u0438\u0442\u0435, \u043f\u043e\u043a\u0430 \u043e\u0441\u0430\u0434\u043e\u043a \u043e\u0441\u044f\u0434\u0435\u0442 \u043d\u0430 \u0434\u043d\u043e. \u0412\u0435\u0447\u0435\u0440\u043e\u043c \u043d\u0430\u043d\u0435\u0441\u0438\u0442\u0435 \u0441\u0440\u0435\u0434\u0441\u0442\u0432\u043e \u0432\u0430\u0442\u043d\u044b\u043c \u0442\u0430\u043c\u043f\u043e\u043d\u043e\u043c \u043d\u0430 \u043f\u0440\u043e\u0431\u043b\u0435\u043c\u043d\u044b\u0435 \u0443\u0447\u0430\u0441\u0442\u043a\u0438 \u043e\u0447\u0438\u0449\u0435\u043d\u043d\u043e\u0439 \u043a\u043e\u0436\u0438. \u041f\u043e\u0434\u043e\u0436\u0434\u0438\u0442\u0435, \u043f\u043e\u043a\u0430 \u043e\u043d\u043e \u0432\u044b\u0441\u043e\u0445\u043d\u0435\u0442, \u043d\u0435 \u043c\u0430\u0441\u0441\u0438\u0440\u0443\u044f, \u0438 \u0443\u043c\u043e\u0439\u0442\u0435 \u043b\u0438\u0446\u043e \u0443\u0442\u0440\u043e\u043c.<\/p>\n<\/p><\/div>\n<\/div>","protected":false},"excerpt":{"rendered":"<p>\u0427\u0442\u043e\u0431\u044b \u0431\u044b\u0441\u0442\u0440\u043e \u0438\u0437\u0431\u0430\u0432\u0438\u0442\u044c\u0441\u044f \u043e\u0442 \u0432\u043d\u0435\u0437\u0430\u043f\u043d\u044b\u0445 \u0432\u044b\u0441\u044b\u043f\u0430\u043d\u0438\u0439 \u0443\u0433\u0440\u0435\u0432\u043e\u0439 \u0441\u044b\u043f\u0438 \u043d\u0430 \u043a\u043e\u0436\u0435 <b data-path-to-node=\"10\" data-index-in-node=\"104\">\u0421\u044b\u0432\u043e\u0440\u043e\u0442\u043a\u0430 \u043e\u0442 \u0443\u0433\u0440\u0435\u0432\u043e\u0439 \u0441\u044b\u043f\u0438 DS V-LINE<\/b> (\u0421\u0440\u0435\u0434\u0441\u0442\u0432\u043e \u0434\u043b\u044f \u043f\u043e\u0434\u0441\u0443\u0448\u0438\u0432\u0430\u043d\u0438\u044f \u043f\u043e\u0440) \u2014 \u0432\u0430\u0448\u0435 \u0441\u0430\u043c\u043e\u0435 \u044d\u0444\u0444\u0435\u043a\u0442\u0438\u0432\u043d\u043e\u0435 \u044d\u043a\u0441\u0442\u0440\u0435\u043d\u043d\u043e\u0435 \u0440\u0435\u0448\u0435\u043d\u0438\u0435. \u0411\u043b\u0430\u0433\u043e\u0434\u0430\u0440\u044f \u0441\u0430\u043b\u0438\u0446\u0438\u043b\u043e\u0432\u043e\u0439 \u043a\u0438\u0441\u043b\u043e\u0442\u0435, \u043a\u0430\u043b\u0430\u043c\u0438\u043d\u0443 \u0438 \u043e\u043a\u0441\u0438\u0434\u0443 \u0446\u0438\u043d\u043a\u0430 \u043e\u043d\u043e \u043f\u043e\u0434\u0441\u0443\u0448\u0438\u0432\u0430\u0435\u0442 \u0432\u043e\u0441\u043f\u0430\u043b\u0435\u043d\u0438\u044f \u0437\u0430 \u043d\u043e\u0447\u044c, \u0443\u043c\u0435\u043d\u044c\u0448\u0430\u0435\u0442 \u043f\u043e\u043a\u0440\u0430\u0441\u043d\u0435\u043d\u0438\u0435 \u0438 \u043f\u0440\u0435\u0434\u043e\u0442\u0432\u0440\u0430\u0449\u0430\u0435\u0442 \u043f\u043e\u044f\u0432\u043b\u0435\u043d\u0438\u0435 \u043d\u043e\u0432\u044b\u0445 \u043f\u0440\u044b\u0449\u0435\u0439.<\/p>","protected":false},"featured_media":2672,"comment_status":"open","ping_status":"closed","template":"","meta":{"_bst_post_transparent":"default","_bst_post_title":"","_bst_post_layout":"default","_bst_post_sidebar_id":"","_bst_post_content_style":"default","_bst_post_vertical_padding":"default","_bst_post_feature":"","_bst_post_feature_position":"","_bst_post_header":false,"_bst_post_footer":false},"product_brand":[],"product_cat":[47],"product_tag":[],"class_list":{"0":"post-434","1":"product","2":"type-product","3":"status-publish","4":"has-post-thumbnail","6":"product_cat-leke-ve-akne-eleyhine","8":"first","9":"instock","10":"shipping-taxable","11":"purchasable","12":"product-type-simple","13":"entry","14":"content-bg","15":"loop-entry"},"jetpack_sharing_enabled":true,"_links":{"self":[{"href":"https:\/\/az.dsvline.com\/ru\/wp-json\/wp\/v2\/product\/434","targetHints":{"allow":["GET"]}}],"collection":[{"href":"https:\/\/az.dsvline.com\/ru\/wp-json\/wp\/v2\/product"}],"about":[{"href":"https:\/\/az.dsvline.com\/ru\/wp-json\/wp\/v2\/types\/product"}],"replies":[{"embeddable":true,"href":"https:\/\/az.dsvline.com\/ru\/wp-json\/wp\/v2\/comments?post=434"}],"wp:featuredmedia":[{"embeddable":true,"href":"https:\/\/az.dsvline.com\/ru\/wp-json\/wp\/v2\/media\/2672"}],"wp:attachment":[{"href":"https:\/\/az.dsvline.com\/ru\/wp-json\/wp\/v2\/media?parent=434"}],"wp:term":[{"taxonomy":"product_brand","embeddable":true,"href":"https:\/\/az.dsvline.com\/ru\/wp-json\/wp\/v2\/product_brand?post=434"},{"taxonomy":"product_cat","embeddable":true,"href":"https:\/\/az.dsvline.com\/ru\/wp-json\/wp\/v2\/product_cat?post=434"},{"taxonomy":"product_tag","embeddable":true,"href":"https:\/\/az.dsvline.com\/ru\/wp-json\/wp\/v2\/product_tag?post=434"}],"curies":[{"name":"wp","href":"https:\/\/api.w.org\/{rel}","templated":true}]}}