{"id":437,"date":"2026-02-22T08:59:00","date_gmt":"2026-02-22T08:59:00","guid":{"rendered":"https:\/\/az.dsvline.com\/?post_type=product&#038;p=437"},"modified":"2026-04-11T12:35:48","modified_gmt":"2026-04-11T08:35:48","slug":"ds-v-line-deep-peeling-10-aha-2-bha-serumu","status":"publish","type":"product","link":"https:\/\/az.dsvline.com\/ru\/product\/ds-v-line-deep-peeling-10-aha-2-bha-serumu\/","title":{"rendered":"\u0421\u044b\u0432\u043e\u0440\u043e\u0442\u043a\u0430 \u0434\u043b\u044f \u0433\u043b\u0443\u0431\u043e\u043a\u043e\u0433\u043e \u043f\u0438\u043b\u0438\u043d\u0433\u0430 10% AHA + 2% BHA"},"content":{"rendered":"<p><!-- B\u00d6L\u00dcM 1 \u2014 G\u00f6rsel Sol \/ Yaz\u0131 Sa\u011f --><\/p>\n<div style=\"display:flex; align-items:center; gap:40px; margin-bottom:60px; flex-wrap:wrap;\">\n<div style=\"flex:1; min-width:280px; aspect-ratio:16\/9; min-height:220px; background-image:url('https:\/\/static.ticimax.cloud\/77383\/uploads\/editoruploads\/urun_gorselleri\/de1.png'); background-size:cover; background-position:center; border-radius:25px;\">&nbsp;<\/div>\n<div style=\"flex:1; min-width:280px;\">\n<p style=\"font-size:16px; color:#6b7280; line-height:1.8; margin:0;\">\u041a\u043e\u043c\u043f\u043b\u0435\u043a\u0441 AHA, \u0441\u043e\u0441\u0442\u043e\u044f\u0449\u0438\u0439 \u0438\u0437 \u0433\u043b\u0438\u043a\u043e\u043b\u0435\u0432\u043e\u0439, \u043c\u043e\u043b\u043e\u0447\u043d\u043e\u0439 \u0438 \u043c\u0438\u043d\u0434\u0430\u043b\u044c\u043d\u043e\u0439 \u043a\u0438\u0441\u043b\u043e\u0442, \u0443\u0434\u0430\u043b\u044f\u0435\u0442 \u043e\u0442\u043c\u0435\u0440\u0448\u0438\u0435 \u043a\u043b\u0435\u0442\u043a\u0438 \u0441 \u043f\u043e\u0432\u0435\u0440\u0445\u043d\u043e\u0441\u0442\u0438 \u043a\u043e\u0436\u0438, \u0434\u0435\u043b\u0430\u044f \u0435\u0435 \u0442\u0435\u043a\u0441\u0442\u0443\u0440\u0443 \u0431\u043e\u043b\u0435\u0435 \u0433\u043b\u0430\u0434\u043a\u043e\u0439 \u0438 \u0436\u0438\u0432\u043e\u0439. \u041f\u0440\u0438 \u0440\u0435\u0433\u0443\u043b\u044f\u0440\u043d\u043e\u043c \u0438\u0441\u043f\u043e\u043b\u044c\u0437\u043e\u0432\u0430\u043d\u0438\u0438 \u043f\u043e\u0432\u0435\u0440\u0445\u043d\u043e\u0441\u0442\u044c \u043a\u043e\u0436\u0438 \u043f\u0440\u0438\u043e\u0431\u0440\u0435\u0442\u0430\u0435\u0442 \u0431\u043e\u043b\u0435\u0435 \u0443\u0442\u043e\u043d\u0447\u0435\u043d\u043d\u0443\u044e \u0441\u0442\u0440\u0443\u043a\u0442\u0443\u0440\u0443.<\/p>\n<\/p><\/div>\n<\/div>\n<p><!-- B\u00d6L\u00dcM 2 \u2014 Mobilde: G\u00f6rsel \u00dcst \/ Masa\u00fcst\u00fcnde: Yaz\u0131 Sol, G\u00f6rsel Sa\u011f --><\/p>\n<div style=\"display:flex; align-items:center; gap:40px; margin-bottom:60px; flex-wrap:wrap; flex-direction:row-reverse;\">\n<div style=\"flex:1; min-width:280px; aspect-ratio:16\/9; min-height:220px; background-image:url('https:\/\/static.ticimax.cloud\/77383\/uploads\/editoruploads\/urun_gorselleri\/de2.png'); background-size:cover; background-position:center; border-radius:25px;\">&nbsp;<\/div>\n<div style=\"flex:1; min-width:280px;\">\n<p style=\"font-size:16px; color:#6b7280; line-height:1.8; margin:0;\">\u0421\u0440\u0435\u0434\u0441\u0442\u0432\u043e \u043f\u043e\u043c\u043e\u0433\u0430\u0435\u0442 \u043e\u0447\u0438\u0441\u0442\u0438\u0442\u044c \u043a\u043e\u0436\u0443, \u0443\u0434\u0430\u043b\u044f\u044f \u0438\u0437\u043b\u0438\u0448\u043a\u0438 \u043a\u043e\u0436\u043d\u043e\u0433\u043e \u0441\u0430\u043b\u0430 \u0438 \u043d\u0430\u043a\u043e\u043f\u0438\u0432\u0448\u0438\u0435\u0441\u044f \u0437\u0430\u0433\u0440\u044f\u0437\u043d\u0435\u043d\u0438\u044f \u0438\u0437 \u043f\u043e\u0440. \u042d\u0442\u043e\u0442 \u044d\u0444\u0444\u0435\u043a\u0442 \u0441\u043f\u043e\u0441\u043e\u0431\u0441\u0442\u0432\u0443\u0435\u0442 \u043a\u043e\u043d\u0442\u0440\u043e\u043b\u044e \u043e\u0431\u0440\u0430\u0437\u043e\u0432\u0430\u043d\u0438\u044f \u0447\u0435\u0440\u043d\u044b\u0445 \u0442\u043e\u0447\u0435\u043a \u0438 \u0443\u043c\u0435\u043d\u044c\u0448\u0435\u043d\u0438\u044e \u0432\u0438\u0434\u0438\u043c\u043e\u0441\u0442\u0438 \u043f\u043e\u0440, \u043f\u043e\u0432\u0435\u0440\u0445\u043d\u043e\u0441\u0442\u044c \u043a\u043e\u0436\u0438 \u043f\u0440\u0438\u043e\u0431\u0440\u0435\u0442\u0430\u0435\u0442 \u0431\u043e\u043b\u0435\u0435 \u0447\u0438\u0441\u0442\u044b\u0439 \u0438 \u0441\u0431\u0430\u043b\u0430\u043d\u0441\u0438\u0440\u043e\u0432\u0430\u043d\u043d\u044b\u0439 \u0432\u0438\u0434. \u041f\u0440\u0438 \u0440\u0435\u0433\u0443\u043b\u044f\u0440\u043d\u043e\u043c \u0438\u0441\u043f\u043e\u043b\u044c\u0437\u043e\u0432\u0430\u043d\u0438\u0438 \u0442\u0435\u043a\u0441\u0442\u0443\u0440\u0430 \u043a\u043e\u0436\u0438 \u0441\u0442\u0430\u043d\u043e\u0432\u0438\u0442\u0441\u044f \u0431\u043e\u043b\u0435\u0435 \u0447\u0438\u0441\u0442\u043e\u0439 \u0438 \u0433\u043b\u0430\u0434\u043a\u043e\u0439.<\/p>\n<\/p><\/div>\n<\/div>\n<p><!-- B\u00d6L\u00dcM 3 \u2014 G\u00f6rsel Sol \/ Yaz\u0131 Sa\u011f --><\/p>\n<div style=\"display:flex; align-items:center; gap:40px; margin-bottom:60px; flex-wrap:wrap;\">\n<div style=\"flex:1; min-width:280px; aspect-ratio:16\/9; min-height:220px; background-image:url('https:\/\/static.ticimax.cloud\/77383\/uploads\/editoruploads\/urun_gorselleri\/de3.png'); background-size:cover; background-position:center; border-radius:25px;\">&nbsp;<\/div>\n<div style=\"flex:1; min-width:280px;\">\n<p style=\"font-size:16px; color:#6b7280; line-height:1.8; margin:0;\">\u0423\u0432\u043b\u0430\u0436\u043d\u044f\u0435\u0442 \u043a\u043e\u0436\u0443 \u0438 \u043f\u043e\u043c\u043e\u0433\u0430\u0435\u0442 \u0441\u0431\u0430\u043b\u0430\u043d\u0441\u0438\u0440\u043e\u0432\u0430\u0442\u044c \u0435\u0435 \u0441\u043e\u0441\u0442\u043e\u044f\u043d\u0438\u0435 \u043f\u043e\u0441\u043b\u0435 \u043f\u0438\u043b\u0438\u043d\u0433\u0430. \u0411\u043b\u0430\u0433\u043e\u0434\u0430\u0440\u044f \u044d\u0442\u043e\u043c\u0443 \u043a\u043e\u0436\u0430 \u043f\u0440\u0438\u043e\u0431\u0440\u0435\u0442\u0430\u0435\u0442 \u0431\u043e\u043b\u0435\u0435 \u043a\u043e\u043c\u0444\u043e\u0440\u0442\u043d\u044b\u0439 \u0438 \u0437\u0434\u043e\u0440\u043e\u0432\u044b\u0439 \u0432\u0438\u0434.<\/p>\n<\/p><\/div>\n<\/div>","protected":false},"excerpt":{"rendered":"<p><span data-path-to-node=\"19,2\"><span class=\"citation-676\">S\u0131zanaql\u0131 v\u0259 qar\u0131\u015f\u0131q d\u0259ril\u0259r \u00fc\u00e7\u00fcn x\u00fcsusi olaraq haz\u0131rlanm\u0131\u015f DS V-LINE Deep Peeling Serumu, %10 AHA v\u0259 %2 BHA tur\u015fular\u0131n\u0131n g\u00fcc\u00fcn\u00fc t\u0259k bir formulda birl\u0259\u015fdirir<\/span><\/span><span data-path-to-node=\"19,4\">. <\/span><span data-path-to-node=\"19,6\"><span class=\"citation-675\">\u0411\u0435\u0440\u0435\u0436\u043d\u043e \u0443\u0434\u0430\u043b\u044f\u0435\u0442 \u043e\u0442\u043c\u0435\u0440\u0448\u0438\u0435 \u043a\u043b\u0435\u0442\u043a\u0438 \u043a\u043e\u0436\u0438 \u0441 \u043f\u043e\u0432\u0435\u0440\u0445\u043d\u043e\u0441\u0442\u0438, \u0440\u0430\u0437\u0433\u043b\u0430\u0436\u0438\u0432\u0430\u044f \u0442\u0435\u043a\u0441\u0442\u0443\u0440\u0443 \u043a\u043e\u0436\u0438 \u0438 \u0443\u0441\u0438\u043b\u0438\u0432\u0430\u044f \u0435\u0435 \u0435\u0441\u0442\u0435\u0441\u0442\u0432\u0435\u043d\u043d\u043e\u0435 \u0441\u0438\u044f\u043d\u0438\u0435.<\/span><\/span><span data-path-to-node=\"19,8\">. <\/span><span data-path-to-node=\"19,10\"><span class=\"citation-674\">M\u0259hsul %91 nisb\u0259tind\u0259 t\u0259bii t\u0259rkib\u0259 malikdir<\/span><\/span><span data-path-to-node=\"19,12\">.<\/span><\/p>","protected":false},"featured_media":2653,"comment_status":"open","ping_status":"closed","template":"","meta":{"_bst_post_transparent":"default","_bst_post_title":"","_bst_post_layout":"default","_bst_post_sidebar_id":"","_bst_post_content_style":"default","_bst_post_vertical_padding":"default","_bst_post_feature":"","_bst_post_feature_position":"","_bst_post_header":false,"_bst_post_footer":false},"product_brand":[],"product_cat":[62],"product_tag":[],"class_list":{"0":"post-437","1":"product","2":"type-product","3":"status-publish","4":"has-post-thumbnail","6":"product_cat-temizleme-ve-arindirma","8":"first","9":"instock","10":"shipping-taxable","11":"purchasable","12":"product-type-simple","13":"entry","14":"content-bg","15":"loop-entry"},"jetpack_sharing_enabled":true,"_links":{"self":[{"href":"https:\/\/az.dsvline.com\/ru\/wp-json\/wp\/v2\/product\/437","targetHints":{"allow":["GET"]}}],"collection":[{"href":"https:\/\/az.dsvline.com\/ru\/wp-json\/wp\/v2\/product"}],"about":[{"href":"https:\/\/az.dsvline.com\/ru\/wp-json\/wp\/v2\/types\/product"}],"replies":[{"embeddable":true,"href":"https:\/\/az.dsvline.com\/ru\/wp-json\/wp\/v2\/comments?post=437"}],"wp:featuredmedia":[{"embeddable":true,"href":"https:\/\/az.dsvline.com\/ru\/wp-json\/wp\/v2\/media\/2653"}],"wp:attachment":[{"href":"https:\/\/az.dsvline.com\/ru\/wp-json\/wp\/v2\/media?parent=437"}],"wp:term":[{"taxonomy":"product_brand","embeddable":true,"href":"https:\/\/az.dsvline.com\/ru\/wp-json\/wp\/v2\/product_brand?post=437"},{"taxonomy":"product_cat","embeddable":true,"href":"https:\/\/az.dsvline.com\/ru\/wp-json\/wp\/v2\/product_cat?post=437"},{"taxonomy":"product_tag","embeddable":true,"href":"https:\/\/az.dsvline.com\/ru\/wp-json\/wp\/v2\/product_tag?post=437"}],"curies":[{"name":"wp","href":"https:\/\/api.w.org\/{rel}","templated":true}]}}